{"id":962,"date":"2020-11-23T11:56:01","date_gmt":"2020-11-23T10:56:01","guid":{"rendered":"https:\/\/www.legourmet-traiteurdijon.com\/boutique\/?page_id=962"},"modified":"2020-11-30T11:42:42","modified_gmt":"2020-11-30T10:42:42","slug":"conditions-generales-de-vente","status":"publish","type":"page","link":"https:\/\/www.legourmet-traiteurdijon.com\/boutique\/conditions-generales-de-vente\/","title":{"rendered":"Conditions g\u00e9n\u00e9rales de vente"},"content":{"rendered":"<p>LE GOURMET<br \/>\nSoci\u00e9t\u00e9 SARL au capital de 7622,45 Euros<br \/>\nSi\u00e8ge social\u00a0: 59 Boulevard Mar\u00e9chal Joffre 21000 Dijon ;<br \/>\nN\u00b0 de t\u00e9l\u00e9phone 03 80 71 10 24\u00a0; Adresse du courrier \u00e9lectronique :\u00a0<a href=\"mailto:contact@legourmet-traiteurdijon.com\">contact@legourmet-traiteurdijon.com<\/a><br \/>\nRCS (ou R\u00e9pertoire des m\u00e9tiers) de DIJON n\u00b0 32872377000017 4722Z;<br \/>\nLe responsable de la publication personne physique est GAELLE HERBERT;<\/p>\n<p>&nbsp;<\/p>\n<p><strong>Conditions g\u00e9n\u00e9rales de vente des produits vendus sur GOURMET TRAITEUR<\/strong><\/p>\n<p>Date de derni\u00e8re mise \u00e0 jour 23\/11\/2020<\/p>\n<p><strong>Article 1 \u2013 Objet<\/strong><\/p>\n<p>Les pr\u00e9sentes conditions r\u00e9gissent les ventes par la soci\u00e9t\u00e9 LE GOURMET 59 Boulevard Mar\u00e9chal Joffre 21000 Dijon de Traiteur (vente \u00e0 emporter).<\/p>\n<p><strong>Article 2 \u2013 Prix<\/strong><\/p>\n<p>Les prix de nos produits sont indiqu\u00e9s en euros toutes taxes comprises (TVA et autres taxes applicables au jour de la commande), sauf indication contraire et hors frais de traitement et d\u2019exp\u00e9dition.<\/p>\n<p>En cas de commande vers un pays autre que la France m\u00e9tropolitaine vous \u00eates l\u2019importateur du ou des produits concern\u00e9s. Des droits de douane ou autres taxes locales ou droits d\u2019importation ou taxes d\u2019\u00e9tat sont susceptibles d\u2019\u00eatre exigibles. Ces droits et sommes ne rel\u00e8vent pas du ressort de la soci\u00e9t\u00e9\u00a0<strong>LE GOURMET<\/strong>. Ils seront \u00e0 votre charge et rel\u00e8vent de votre enti\u00e8re responsabilit\u00e9, tant en termes de d\u00e9clarations que de paiements aux autorit\u00e9s et organismes comp\u00e9tents de votre pays. Nous vous conseillons de vous renseigner sur ces aspects aupr\u00e8s de vos autorit\u00e9s locales.<\/p>\n<p>Toutes les commandes quelle que soit leur origine sont payables en euros.<\/p>\n<p>La soci\u00e9t\u00e9\u00a0<strong>LE GOURMET<\/strong>\u00a0se r\u00e9serve le droit de modifier ses prix \u00e0 tout moment, mais le produit sera factur\u00e9 sur la base du tarif en vigueur au moment de la validation de la commande et sous r\u00e9serve de disponibilit\u00e9.<\/p>\n<p>Les produits demeurent la propri\u00e9t\u00e9 de la soci\u00e9t\u00e9\u00a0<strong>LE GOURMET<\/strong>\u00a0jusqu\u2019au paiement complet du prix.<\/p>\n<p>Attention : d\u00e8s que vous prenez possession physiquement des produits command\u00e9s, les risques de perte ou d\u2019endommagement des produits vous sont transf\u00e9r\u00e9s.<\/p>\n<p><strong>Article 3 \u2013 Commandes<\/strong><\/p>\n<p><strong>Vous pouvez passer commande :<\/strong><\/p>\n<p>Sur Internet :\u00a0<a href=\"https:\/\/www.legourmet-traiteurdijon.com\/\">https:\/\/www.legourmet-traiteurdijon.com<\/a><\/p>\n<p>Les informations contractuelles sont pr\u00e9sent\u00e9es en langue fran\u00e7aise et feront l\u2019objet d\u2019une confirmation au plus tard au moment de la validation de votre commande.<\/p>\n<p>La soci\u00e9t\u00e9\u00a0<strong>LE GOURMET<\/strong>\u00a0se r\u00e9serve le droit de ne pas enregistrer un paiement, et de ne pas confirmer une commande pour quelque raison que ce soit, et plus particuli\u00e8rement en cas de probl\u00e8me d\u2019approvisionnement, ou en cas de difficult\u00e9 concernant la commande re\u00e7ue.<\/p>\n<p><strong>Article 4 \u2013 Validation de votre commande<\/strong><\/p>\n<p>Toute commande figurant sur le site Internet\u00a0<a href=\"https:\/\/www.legourmet-traiteurdijon.com\/\">https:\/\/www.legourmet-traiteurdijon.com<\/a>\u00a0suppose l\u2019adh\u00e9sion aux pr\u00e9sentes Conditions G\u00e9n\u00e9rales. Toute confirmation de commande entra\u00eene votre adh\u00e9sion pleine et enti\u00e8re aux pr\u00e9sentes conditions g\u00e9n\u00e9rales de vente, sans exception ni r\u00e9serve.<\/p>\n<p>L\u2019ensemble des donn\u00e9es fournies et la confirmation enregistr\u00e9e vaudront preuve de la transaction.<\/p>\n<p>Vous d\u00e9clarez en avoir parfaite connaissance.<\/p>\n<p>La confirmation de commande vaudra signature et acceptation des op\u00e9rations effectu\u00e9es.<\/p>\n<p>Un r\u00e9capitulatif des informations de votre commande et des pr\u00e9sentes Conditions G\u00e9n\u00e9rales, vous sera communiqu\u00e9 en format PDF via l\u2019adresse e-mail de confirmation de votre commande.<\/p>\n<p><strong>Article 5 \u2013 Paiement<\/strong><\/p>\n<p>Le fait de valider votre commande implique pour vous l\u2019obligation de payer le prix indiqu\u00e9.<\/p>\n<p>Le r\u00e8glement de vos achats s\u2019effectue par carte bancaire gr\u00e2ce au syst\u00e8me s\u00e9curis\u00e9 Systempay.<\/p>\n<p>Le d\u00e9bit de la carte n\u2019est effectu\u00e9 qu\u2019au moment de l\u2019exp\u00e9dition de la commande. En cas de livraisons fractionn\u00e9es, seuls les produits exp\u00e9di\u00e9s sont d\u00e9bit\u00e9s.<\/p>\n<p><strong>Article 6 \u2013 R\u00e9tractation<\/strong><\/p>\n<p>Conform\u00e9ment aux dispositions de l\u2019article L.121-21 du Code de la Consommation, vous disposez d\u2019un d\u00e9lai de r\u00e9tractation de 14 jours \u00e0 compter de la r\u00e9ception de vos produits pour exercer votre droit de r\u00e9traction sans avoir \u00e0 justifier de motifs ni \u00e0 payer de p\u00e9nalit\u00e9.<\/p>\n<p>Les retours sont \u00e0 effectuer dans leur \u00e9tat d\u2019origine et complets (emballage, accessoires, notice). Dans ce cadre, votre responsabilit\u00e9 est engag\u00e9e. Tout dommage subi par le produit \u00e0 cette occasion peut \u00eatre de nature \u00e0 faire \u00e9chec au droit de r\u00e9tractation.<\/p>\n<p>Les frais de retour sont .<\/p>\n<p>En cas d\u2019exercice du droit de r\u00e9tractation, la soci\u00e9t\u00e9\u00a0<strong>LE GOURMET<\/strong>\u00a0proc\u00e9dera au remboursement des sommes vers\u00e9es, dans un d\u00e9lai de 14 jours suivant la notification de votre demande et via le m\u00eame moyen de paiement que celui utilis\u00e9 lors de la commande.<\/p>\n<p><strong>EXCEPTIONS AU DROIT DE RETRACTATION<\/strong><\/p>\n<p>Conform\u00e9ment aux dispositions de l\u2019article L.121-21-8 du Code de la Consommation, le droit de r\u00e9tractation ne s\u2019applique pas \u00e0 :<\/p>\n<p>La fourniture de services pleinement ex\u00e9cut\u00e9s avant la fin du d\u00e9lai de r\u00e9tractation et dont l\u2019ex\u00e9cution a commenc\u00e9 apr\u00e8s accord pr\u00e9alable expr\u00e8s du consommateur et renoncement expr\u00e8s \u00e0 son droit de r\u00e9tractation.<br \/>\nLa fourniture de biens ou de services dont le prix d\u00e9pend de fluctuations sur le march\u00e9 financier \u00e9chappant au contr\u00f4le du professionnel et susceptibles de se produire pendant le d\u00e9lai de r\u00e9tractation.<br \/>\nLa fourniture de biens confectionn\u00e9s selon les sp\u00e9cifications du consommateur ou nettement personnalis\u00e9s.<br \/>\nLa fourniture de biens susceptibles de se d\u00e9t\u00e9riorer ou de se p\u00e9rimer rapidement.<br \/>\nLa fourniture de biens qui ont \u00e9t\u00e9 descell\u00e9s par le consommateur apr\u00e8s la livraison et qui ne peuvent \u00eatre renvoy\u00e9s pour des raisons d\u2019hygi\u00e8ne ou de protection de la sant\u00e9.<br \/>\nLa fourniture de biens qui, apr\u00e8s avoir \u00e9t\u00e9 livr\u00e9s et de par leur nature, sont m\u00e9lang\u00e9s de mani\u00e8re indissociable avec d\u2019autres articles ;<br \/>\nLa fourniture de boissons alcoolis\u00e9es dont la livraison est diff\u00e9r\u00e9e au-del\u00e0 de trente jours et dont la valeur convenue \u00e0 la conclusion du contrat d\u00e9pend de fluctuations sur le march\u00e9 \u00e9chappant au contr\u00f4le du professionnel.<br \/>\nLa fourniture d\u2019enregistrements audio ou vid\u00e9o ou de logiciels informatiques lorsqu\u2019ils ont \u00e9t\u00e9 descell\u00e9s par le consommateur apr\u00e8s la livraison.<br \/>\nLa fourniture d\u2019un journal, d\u2019un p\u00e9riodique ou d\u2019un magazine, sauf pour les contrats d\u2019abonnement \u00e0 ces publications.<br \/>\nLes transactions conclues lors d\u2019une ench\u00e8re publique.<br \/>\nLa fourniture d\u2019un contenu num\u00e9rique non fourni sur un support mat\u00e9riel dont l\u2019ex\u00e9cution a commenc\u00e9 apr\u00e8s accord pr\u00e9alable expr\u00e8s du consommateur et renoncement expr\u00e8s \u00e0 son droit de r\u00e9tractation.<br \/>\nArticle 7- Disponibilit\u00e9<\/p>\n<p>Nos produits sont propos\u00e9s tant qu\u2019ils sont visibles sur le site\u00a0<a href=\"https:\/\/www.legourmet-traiteurdijon.com\/\">https:\/\/www.legourmet-traiteurdijon.com<\/a>\u00a0et dans la limite des stocks disponibles. Pour les produits non stock\u00e9s, nos offres sont valables sous r\u00e9serve de disponibilit\u00e9 chez nos fournisseurs.<br \/>\nEn cas d\u2019indisponibilit\u00e9 de produit apr\u00e8s passation de votre commande, nous vous en informerons par mail. Votre commande sera automatiquement annul\u00e9e et aucun d\u00e9bit bancaire ne sera effectu\u00e9.<\/p>\n<p>En outre, le site Internet\u00a0<a href=\"https:\/\/www.legourmet-traiteurdijon.com\/\">https:\/\/www.legourmet-traiteurdijon.com<\/a>\u00a0n\u2019a pas vocation \u00e0 vendre ses produits en quantit\u00e9s importantes. Par cons\u00e9quent la soci\u00e9t\u00e9\u00a0<strong>LE GOURMET<\/strong>\u00a0se r\u00e9serve le droit de refuser les commandes de articles identiques.<\/p>\n<p><strong>Article 8 \u2013 Retrait de votre commande<\/strong><\/p>\n<p>Les produits sont \u00e0 retirer \u00e0 l\u2019adresse de livraison indiqu\u00e9e au cours du processus de commande, dans le d\u00e9lai indiqu\u00e9 sur la page de validation de la commande.<\/p>\n<p><strong>Article 9 \u2013 Garantie<\/strong><\/p>\n<p>Tous nos produits b\u00e9n\u00e9ficient de la garantie l\u00e9gale de conformit\u00e9 et de la garantie des vices cach\u00e9s, pr\u00e9vues par les articles 1641 et suivants du Code civil. En cas de non-conformit\u00e9 d\u2019un produit vendu, il pourra \u00eatre retourn\u00e9, \u00e9chang\u00e9 ou rembours\u00e9.<\/p>\n<p>Les dispositions de cet Article ne vous emp\u00eachent pas de b\u00e9n\u00e9ficier du droit de r\u00e9tractation pr\u00e9vu \u00e0 l\u2019article 6.<\/p>\n<p><strong>Article 10 \u2013 Consigne<\/strong><\/p>\n<p>Dans le cas o\u00f9 les produits sont livr\u00e9s en plats consign\u00e9s, une caution de 20 \u20ac (esp\u00e8ces ou ch\u00e8que) par plat vous sera demand\u00e9e. Ladite caution ne sera encaiss\u00e9e que si les plats ne sont pas ramen\u00e9s en bon \u00e9tat dans les d\u00e9lais convenus et apr\u00e8s deux relances.<\/p>\n<p><strong>Article 11 \u2013 Responsabilit\u00e9<\/strong><\/p>\n<p>Les produits propos\u00e9s sont conformes \u00e0 la l\u00e9gislation fran\u00e7aise en vigueur. La responsabilit\u00e9 de la soci\u00e9t\u00e9\u00a0<strong>LE GOURMET<\/strong>\u00a0ne saurait \u00eatre engag\u00e9e en cas de non-respect de la l\u00e9gislation du pays o\u00f9 le produit est livr\u00e9. Il vous appartient de v\u00e9rifier aupr\u00e8s des autorit\u00e9s locales les possibilit\u00e9s d\u2019importation ou d\u2019utilisation des produits ou services que vous envisagez de commander.<\/p>\n<p>Par ailleurs, la soci\u00e9t\u00e9\u00a0<strong>LE GOURMET<\/strong>\u00a0ne saurait \u00eatre tenue pour responsable des dommages r\u00e9sultant d\u2019une mauvaise utilisation du produit achet\u00e9.<\/p>\n<p>Enfin la responsabilit\u00e9 de la soci\u00e9t\u00e9\u00a0<strong>LE GOURMET<\/strong>\u00a0ne saurait \u00eatre engag\u00e9e pour tous les inconv\u00e9nients ou dommages inh\u00e9rents \u00e0 l\u2019utilisation du r\u00e9seau Internet, notamment une rupture de service, une intrusion ext\u00e9rieure ou la pr\u00e9sence de virus informatiques.<\/p>\n<p><strong>Article 12 \u2013 Droit applicable en cas de litiges<\/strong><\/p>\n<p>La langue du pr\u00e9sent contrat est la langue fran\u00e7aise. Les pr\u00e9sentes conditions de vente sont soumises \u00e0 la loi fran\u00e7aise. En cas de litige, les tribunaux fran\u00e7ais seront les seuls comp\u00e9tents.<\/p>\n<p><strong>Article 13 \u2013 Propri\u00e9t\u00e9 intellectuelle<\/strong><\/p>\n<p>Tous les \u00e9l\u00e9ments du site\u00a0<a href=\"https:\/\/www.legourmet-traiteurdijon.com\/\">https:\/\/www.legourmet-traiteurdijon.com<\/a>\u00a0sont et restent la propri\u00e9t\u00e9 intellectuelle et exclusive de la soci\u00e9t\u00e9\u00a0<strong>LE GOURMET<\/strong>. Nul n\u2019est autoris\u00e9 \u00e0 reproduire, exploiter, rediffuser, ou utiliser \u00e0 quelque titre que ce soit, m\u00eame partiellement, des \u00e9l\u00e9ments du site qu\u2019ils soient logiciels, visuels ou sonores. Tout lien simple ou par hypertexte est strictement interdit sans un accord \u00e9crit expr\u00e8s de la soci\u00e9t\u00e9\u00a0<strong>LE GOURMET<\/strong>.<\/p>\n<p><strong>Article 14 \u2013 Donn\u00e9es personnelles<\/strong><\/p>\n<p>La soci\u00e9t\u00e9\u00a0<strong>LE GOURMET<\/strong>\u00a0se r\u00e9serve le droit de collecter les informations nominatives et les donn\u00e9es personnelles vous concernant. Elles sont n\u00e9cessaires \u00e0 la gestion de votre commande, ainsi qu\u2019\u00e0 l\u2019am\u00e9lioration des services et des informations que nous vous adressons.<\/p>\n<p>Elles peuvent aussi \u00eatre transmises aux soci\u00e9t\u00e9s qui contribuent \u00e0 ces relations, telles que celles charg\u00e9es de l\u2019ex\u00e9cution des services et commandes pour leur gestion, ex\u00e9cution, traitement et paiement.<\/p>\n<p>Ces informations et donn\u00e9es sont \u00e9galement conserv\u00e9es \u00e0 des fins de s\u00e9curit\u00e9, afin de respecter les obligations l\u00e9gales et r\u00e9glementaires.<\/p>\n<p>Conform\u00e9ment \u00e0 la loi du 6 janvier 1978, vous disposez d\u2019un droit d\u2019acc\u00e8s, de rectification et d\u2019opposition aux informations nominatives et aux donn\u00e9es personnelles vous concernant, directement sur le site Internet.<\/p>\n<p><strong>Article 15 \u2013 Archivage Preuve<\/strong><\/p>\n<p>La soci\u00e9t\u00e9\u00a0<strong>LE GOURMET<\/strong>\u00a0archivera les bons de commandes et les factures sur un support fiable et durable constituant une copie fid\u00e8le conform\u00e9ment aux dispositions de l\u2019article 1348 du Code civil.<\/p>\n<p>Les registres informatis\u00e9s de la soci\u00e9t\u00e9\u00a0<strong>LE GOURMET<\/strong>\u00a0seront consid\u00e9r\u00e9s par toutes les parties concern\u00e9es comme preuve des communications, commandes, paiements et transactions intervenus entre les parties.<\/p>\n<p>&nbsp;<\/p>\n","protected":false},"excerpt":{"rendered":"<p>LE GOURMET Soci\u00e9t\u00e9 SARL au capital de 7622,45 Euros Si\u00e8ge social\u00a0: 59 Boulevard Mar\u00e9chal Joffre 21000 Dijon ; N\u00b0 de t\u00e9l\u00e9phone 03 80 71 10 24\u00a0; Adresse du courrier \u00e9lectronique&#8230;<\/p>\n","protected":false},"author":1,"featured_media":0,"parent":0,"menu_order":0,"comment_status":"closed","ping_status":"closed","template":"","meta":{"_monsterinsights_skip_tracking":false,"_monsterinsights_sitenote_active":false,"_monsterinsights_sitenote_note":"","_monsterinsights_sitenote_category":0,"footnotes":""},"yoast_head":"<!-- This site is optimized with the Yoast SEO plugin v22.8 - https:\/\/yoast.com\/wordpress\/plugins\/seo\/ -->\n<title>Conditions g\u00e9n\u00e9rales de vente - Gourmet Traiteur<\/title>\n<meta name=\"robots\" content=\"index, follow, max-snippet:-1, max-image-preview:large, max-video-preview:-1\" \/>\n<link rel=\"canonical\" href=\"https:\/\/www.legourmet-traiteurdijon.com\/boutique\/conditions-generales-de-vente\/\" \/>\n<meta property=\"og:locale\" content=\"fr_FR\" \/>\n<meta property=\"og:type\" content=\"article\" \/>\n<meta property=\"og:title\" content=\"Conditions g\u00e9n\u00e9rales de vente - Gourmet Traiteur\" \/>\n<meta property=\"og:description\" content=\"LE GOURMET Soci\u00e9t\u00e9 SARL au capital de 7622,45 Euros Si\u00e8ge social\u00a0: 59 Boulevard Mar\u00e9chal Joffre 21000 Dijon ; N\u00b0 de t\u00e9l\u00e9phone 03 80 71 10 24\u00a0; Adresse du courrier \u00e9lectronique...\" \/>\n<meta property=\"og:url\" content=\"https:\/\/www.legourmet-traiteurdijon.com\/boutique\/conditions-generales-de-vente\/\" \/>\n<meta property=\"og:site_name\" content=\"Gourmet Traiteur\" \/>\n<meta property=\"article:modified_time\" content=\"2020-11-30T10:42:42+00:00\" \/>\n<meta name=\"twitter:card\" content=\"summary_large_image\" \/>\n<meta name=\"twitter:label1\" content=\"Dur\u00e9e de lecture estim\u00e9e\" \/>\n\t<meta name=\"twitter:data1\" content=\"9 minutes\" \/>\n<script type=\"application\/ld+json\" class=\"yoast-schema-graph\">{\"@context\":\"https:\/\/schema.org\",\"@graph\":[{\"@type\":\"WebPage\",\"@id\":\"https:\/\/www.legourmet-traiteurdijon.com\/boutique\/conditions-generales-de-vente\/\",\"url\":\"https:\/\/www.legourmet-traiteurdijon.com\/boutique\/conditions-generales-de-vente\/\",\"name\":\"Conditions g\u00e9n\u00e9rales de vente - Gourmet Traiteur\",\"isPartOf\":{\"@id\":\"https:\/\/www.legourmet-traiteurdijon.com\/boutique\/#website\"},\"datePublished\":\"2020-11-23T10:56:01+00:00\",\"dateModified\":\"2020-11-30T10:42:42+00:00\",\"breadcrumb\":{\"@id\":\"https:\/\/www.legourmet-traiteurdijon.com\/boutique\/conditions-generales-de-vente\/#breadcrumb\"},\"inLanguage\":\"fr-FR\",\"potentialAction\":[{\"@type\":\"ReadAction\",\"target\":[\"https:\/\/www.legourmet-traiteurdijon.com\/boutique\/conditions-generales-de-vente\/\"]}]},{\"@type\":\"BreadcrumbList\",\"@id\":\"https:\/\/www.legourmet-traiteurdijon.com\/boutique\/conditions-generales-de-vente\/#breadcrumb\",\"itemListElement\":[{\"@type\":\"ListItem\",\"position\":1,\"name\":\"Accueil\",\"item\":\"https:\/\/www.legourmet-traiteurdijon.com\/boutique\/\"},{\"@type\":\"ListItem\",\"position\":2,\"name\":\"Conditions g\u00e9n\u00e9rales de vente\"}]},{\"@type\":\"WebSite\",\"@id\":\"https:\/\/www.legourmet-traiteurdijon.com\/boutique\/#website\",\"url\":\"https:\/\/www.legourmet-traiteurdijon.com\/boutique\/\",\"name\":\"Gourmet Traiteur\",\"description\":\"TRAITEUR DIJON\",\"potentialAction\":[{\"@type\":\"SearchAction\",\"target\":{\"@type\":\"EntryPoint\",\"urlTemplate\":\"https:\/\/www.legourmet-traiteurdijon.com\/boutique\/?s={search_term_string}\"},\"query-input\":\"required name=search_term_string\"}],\"inLanguage\":\"fr-FR\"}]}<\/script>\n<!-- \/ Yoast SEO plugin. -->","yoast_head_json":{"title":"Conditions g\u00e9n\u00e9rales de vente - Gourmet Traiteur","robots":{"index":"index","follow":"follow","max-snippet":"max-snippet:-1","max-image-preview":"max-image-preview:large","max-video-preview":"max-video-preview:-1"},"canonical":"https:\/\/www.legourmet-traiteurdijon.com\/boutique\/conditions-generales-de-vente\/","og_locale":"fr_FR","og_type":"article","og_title":"Conditions g\u00e9n\u00e9rales de vente - Gourmet Traiteur","og_description":"LE GOURMET Soci\u00e9t\u00e9 SARL au capital de 7622,45 Euros Si\u00e8ge social\u00a0: 59 Boulevard Mar\u00e9chal Joffre 21000 Dijon ; N\u00b0 de t\u00e9l\u00e9phone 03 80 71 10 24\u00a0; Adresse du courrier \u00e9lectronique...","og_url":"https:\/\/www.legourmet-traiteurdijon.com\/boutique\/conditions-generales-de-vente\/","og_site_name":"Gourmet Traiteur","article_modified_time":"2020-11-30T10:42:42+00:00","twitter_card":"summary_large_image","twitter_misc":{"Dur\u00e9e de lecture estim\u00e9e":"9 minutes"},"schema":{"@context":"https:\/\/schema.org","@graph":[{"@type":"WebPage","@id":"https:\/\/www.legourmet-traiteurdijon.com\/boutique\/conditions-generales-de-vente\/","url":"https:\/\/www.legourmet-traiteurdijon.com\/boutique\/conditions-generales-de-vente\/","name":"Conditions g\u00e9n\u00e9rales de vente - Gourmet Traiteur","isPartOf":{"@id":"https:\/\/www.legourmet-traiteurdijon.com\/boutique\/#website"},"datePublished":"2020-11-23T10:56:01+00:00","dateModified":"2020-11-30T10:42:42+00:00","breadcrumb":{"@id":"https:\/\/www.legourmet-traiteurdijon.com\/boutique\/conditions-generales-de-vente\/#breadcrumb"},"inLanguage":"fr-FR","potentialAction":[{"@type":"ReadAction","target":["https:\/\/www.legourmet-traiteurdijon.com\/boutique\/conditions-generales-de-vente\/"]}]},{"@type":"BreadcrumbList","@id":"https:\/\/www.legourmet-traiteurdijon.com\/boutique\/conditions-generales-de-vente\/#breadcrumb","itemListElement":[{"@type":"ListItem","position":1,"name":"Accueil","item":"https:\/\/www.legourmet-traiteurdijon.com\/boutique\/"},{"@type":"ListItem","position":2,"name":"Conditions g\u00e9n\u00e9rales de vente"}]},{"@type":"WebSite","@id":"https:\/\/www.legourmet-traiteurdijon.com\/boutique\/#website","url":"https:\/\/www.legourmet-traiteurdijon.com\/boutique\/","name":"Gourmet Traiteur","description":"TRAITEUR DIJON","potentialAction":[{"@type":"SearchAction","target":{"@type":"EntryPoint","urlTemplate":"https:\/\/www.legourmet-traiteurdijon.com\/boutique\/?s={search_term_string}"},"query-input":"required name=search_term_string"}],"inLanguage":"fr-FR"}]}},"_links":{"self":[{"href":"https:\/\/www.legourmet-traiteurdijon.com\/boutique\/wp-json\/wp\/v2\/pages\/962"}],"collection":[{"href":"https:\/\/www.legourmet-traiteurdijon.com\/boutique\/wp-json\/wp\/v2\/pages"}],"about":[{"href":"https:\/\/www.legourmet-traiteurdijon.com\/boutique\/wp-json\/wp\/v2\/types\/page"}],"author":[{"embeddable":true,"href":"https:\/\/www.legourmet-traiteurdijon.com\/boutique\/wp-json\/wp\/v2\/users\/1"}],"replies":[{"embeddable":true,"href":"https:\/\/www.legourmet-traiteurdijon.com\/boutique\/wp-json\/wp\/v2\/comments?post=962"}],"version-history":[{"count":3,"href":"https:\/\/www.legourmet-traiteurdijon.com\/boutique\/wp-json\/wp\/v2\/pages\/962\/revisions"}],"predecessor-version":[{"id":1201,"href":"https:\/\/www.legourmet-traiteurdijon.com\/boutique\/wp-json\/wp\/v2\/pages\/962\/revisions\/1201"}],"wp:attachment":[{"href":"https:\/\/www.legourmet-traiteurdijon.com\/boutique\/wp-json\/wp\/v2\/media?parent=962"}],"curies":[{"name":"wp","href":"https:\/\/api.w.org\/{rel}","templated":true}]}}