{"id":1189,"date":"2020-11-30T09:59:41","date_gmt":"2020-11-30T08:59:41","guid":{"rendered":"https:\/\/www.legourmet-traiteurdijon.com\/boutique\/?post_type=product&#038;p=1189"},"modified":"2026-04-18T16:16:42","modified_gmt":"2026-04-18T14:16:42","slug":"plateau-aperitif-42-pieces","status":"publish","type":"product","link":"https:\/\/www.legourmet-traiteurdijon.com\/boutique\/produit\/plateau-aperitif-42-pieces\/","title":{"rendered":"Plateau du Moment"},"content":{"rendered":"","protected":false},"excerpt":{"rendered":"<p>12 Mini persill\u00e9s de jambon<br \/>\n8 wrap au saumon, salade iceberg, crevettes<br \/>\n8 toasts de mousseline de l\u00e9gumes<br \/>\n8 tranches de mini p\u00e2t\u00e9 croute pistache<br \/>\n8 tartelettes tomate courgettes<\/p>\n","protected":false},"featured_media":2516,"template":"","meta":{"_monsterinsights_skip_tracking":false,"_monsterinsights_sitenote_active":false,"_monsterinsights_sitenote_note":"","_monsterinsights_sitenote_category":0},"product_cat":[63],"product_tag":[],"yoast_head":"<!-- This site is optimized with the Yoast SEO plugin v22.8 - https:\/\/yoast.com\/wordpress\/plugins\/seo\/ -->\n<title>Plateau du Moment - Gourmet Traiteur<\/title>\n<meta name=\"description\" content=\"6 Cr\u00e8mes prises de moule 12 Souffl\u00e9s d&#039;escargots 6 Brochettes Saint-Jacques et chorizo 8 Mini-savarins au foie gras po\u00eal\u00e9\" \/>\n<meta name=\"robots\" content=\"index, follow, max-snippet:-1, max-image-preview:large, max-video-preview:-1\" \/>\n<link rel=\"canonical\" href=\"https:\/\/www.legourmet-traiteurdijon.com\/boutique\/produit\/plateau-aperitif-42-pieces\/\" \/>\n<meta property=\"og:locale\" content=\"fr_FR\" \/>\n<meta property=\"og:type\" content=\"article\" \/>\n<meta property=\"og:title\" content=\"Plateau du Moment - Gourmet Traiteur\" \/>\n<meta property=\"og:description\" content=\"6 Cr\u00e8mes prises de moule 12 Souffl\u00e9s d&#039;escargots 6 Brochettes Saint-Jacques et chorizo 8 Mini-savarins au foie gras po\u00eal\u00e9\" \/>\n<meta property=\"og:url\" content=\"https:\/\/www.legourmet-traiteurdijon.com\/boutique\/produit\/plateau-aperitif-42-pieces\/\" \/>\n<meta property=\"og:site_name\" content=\"Gourmet Traiteur\" \/>\n<meta property=\"article:modified_time\" content=\"2026-04-18T14:16:42+00:00\" \/>\n<meta property=\"og:image\" content=\"https:\/\/www.legourmet-traiteurdijon.com\/boutique\/wp-content\/uploads\/2021\/11\/Plateau-Gourmet-Noel-2021-1-scaled.jpg\" \/>\n\t<meta property=\"og:image:width\" content=\"2560\" \/>\n\t<meta property=\"og:image:height\" content=\"1708\" \/>\n\t<meta property=\"og:image:type\" content=\"image\/jpeg\" \/>\n<meta name=\"twitter:card\" content=\"summary_large_image\" \/>\n<meta name=\"twitter:label1\" content=\"Dur\u00e9e de lecture estim\u00e9e\" \/>\n\t<meta name=\"twitter:data1\" content=\"1 minute\" \/>\n<script type=\"application\/ld+json\" class=\"yoast-schema-graph\">{\"@context\":\"https:\/\/schema.org\",\"@graph\":[{\"@type\":\"WebPage\",\"@id\":\"https:\/\/www.legourmet-traiteurdijon.com\/boutique\/produit\/plateau-aperitif-42-pieces\/\",\"url\":\"https:\/\/www.legourmet-traiteurdijon.com\/boutique\/produit\/plateau-aperitif-42-pieces\/\",\"name\":\"Plateau du Moment - Gourmet Traiteur\",\"isPartOf\":{\"@id\":\"https:\/\/www.legourmet-traiteurdijon.com\/boutique\/#website\"},\"primaryImageOfPage\":{\"@id\":\"https:\/\/www.legourmet-traiteurdijon.com\/boutique\/produit\/plateau-aperitif-42-pieces\/#primaryimage\"},\"image\":{\"@id\":\"https:\/\/www.legourmet-traiteurdijon.com\/boutique\/produit\/plateau-aperitif-42-pieces\/#primaryimage\"},\"thumbnailUrl\":\"https:\/\/www.legourmet-traiteurdijon.com\/boutique\/wp-content\/uploads\/2021\/11\/Plateau-Gourmet-Noel-2021-1-scaled.jpg\",\"datePublished\":\"2020-11-30T08:59:41+00:00\",\"dateModified\":\"2026-04-18T14:16:42+00:00\",\"description\":\"6 Cr\u00e8mes prises de moule 12 Souffl\u00e9s d'escargots 6 Brochettes Saint-Jacques et chorizo 8 Mini-savarins au foie gras po\u00eal\u00e9\",\"breadcrumb\":{\"@id\":\"https:\/\/www.legourmet-traiteurdijon.com\/boutique\/produit\/plateau-aperitif-42-pieces\/#breadcrumb\"},\"inLanguage\":\"fr-FR\",\"potentialAction\":[{\"@type\":\"ReadAction\",\"target\":[\"https:\/\/www.legourmet-traiteurdijon.com\/boutique\/produit\/plateau-aperitif-42-pieces\/\"]}]},{\"@type\":\"ImageObject\",\"inLanguage\":\"fr-FR\",\"@id\":\"https:\/\/www.legourmet-traiteurdijon.com\/boutique\/produit\/plateau-aperitif-42-pieces\/#primaryimage\",\"url\":\"https:\/\/www.legourmet-traiteurdijon.com\/boutique\/wp-content\/uploads\/2021\/11\/Plateau-Gourmet-Noel-2021-1-scaled.jpg\",\"contentUrl\":\"https:\/\/www.legourmet-traiteurdijon.com\/boutique\/wp-content\/uploads\/2021\/11\/Plateau-Gourmet-Noel-2021-1-scaled.jpg\",\"width\":2560,\"height\":1708},{\"@type\":\"BreadcrumbList\",\"@id\":\"https:\/\/www.legourmet-traiteurdijon.com\/boutique\/produit\/plateau-aperitif-42-pieces\/#breadcrumb\",\"itemListElement\":[{\"@type\":\"ListItem\",\"position\":1,\"name\":\"Accueil\",\"item\":\"https:\/\/www.legourmet-traiteurdijon.com\/boutique\/\"},{\"@type\":\"ListItem\",\"position\":2,\"name\":\"Achat en ligne\",\"item\":\"https:\/\/www.legourmet-traiteurdijon.com\/boutique\/boutique\/\"},{\"@type\":\"ListItem\",\"position\":3,\"name\":\"Plateau du Moment\"}]},{\"@type\":\"WebSite\",\"@id\":\"https:\/\/www.legourmet-traiteurdijon.com\/boutique\/#website\",\"url\":\"https:\/\/www.legourmet-traiteurdijon.com\/boutique\/\",\"name\":\"Gourmet Traiteur\",\"description\":\"TRAITEUR DIJON\",\"potentialAction\":[{\"@type\":\"SearchAction\",\"target\":{\"@type\":\"EntryPoint\",\"urlTemplate\":\"https:\/\/www.legourmet-traiteurdijon.com\/boutique\/?s={search_term_string}\"},\"query-input\":\"required name=search_term_string\"}],\"inLanguage\":\"fr-FR\"}]}<\/script>\n<!-- \/ Yoast SEO plugin. -->","yoast_head_json":{"title":"Plateau du Moment - Gourmet Traiteur","description":"6 Cr\u00e8mes prises de moule 12 Souffl\u00e9s d'escargots 6 Brochettes Saint-Jacques et chorizo 8 Mini-savarins au foie gras po\u00eal\u00e9","robots":{"index":"index","follow":"follow","max-snippet":"max-snippet:-1","max-image-preview":"max-image-preview:large","max-video-preview":"max-video-preview:-1"},"canonical":"https:\/\/www.legourmet-traiteurdijon.com\/boutique\/produit\/plateau-aperitif-42-pieces\/","og_locale":"fr_FR","og_type":"article","og_title":"Plateau du Moment - Gourmet Traiteur","og_description":"6 Cr\u00e8mes prises de moule 12 Souffl\u00e9s d'escargots 6 Brochettes Saint-Jacques et chorizo 8 Mini-savarins au foie gras po\u00eal\u00e9","og_url":"https:\/\/www.legourmet-traiteurdijon.com\/boutique\/produit\/plateau-aperitif-42-pieces\/","og_site_name":"Gourmet Traiteur","article_modified_time":"2026-04-18T14:16:42+00:00","og_image":[{"width":2560,"height":1708,"url":"https:\/\/www.legourmet-traiteurdijon.com\/boutique\/wp-content\/uploads\/2021\/11\/Plateau-Gourmet-Noel-2021-1-scaled.jpg","type":"image\/jpeg"}],"twitter_card":"summary_large_image","twitter_misc":{"Dur\u00e9e de lecture estim\u00e9e":"1 minute"},"schema":{"@context":"https:\/\/schema.org","@graph":[{"@type":"WebPage","@id":"https:\/\/www.legourmet-traiteurdijon.com\/boutique\/produit\/plateau-aperitif-42-pieces\/","url":"https:\/\/www.legourmet-traiteurdijon.com\/boutique\/produit\/plateau-aperitif-42-pieces\/","name":"Plateau du Moment - Gourmet Traiteur","isPartOf":{"@id":"https:\/\/www.legourmet-traiteurdijon.com\/boutique\/#website"},"primaryImageOfPage":{"@id":"https:\/\/www.legourmet-traiteurdijon.com\/boutique\/produit\/plateau-aperitif-42-pieces\/#primaryimage"},"image":{"@id":"https:\/\/www.legourmet-traiteurdijon.com\/boutique\/produit\/plateau-aperitif-42-pieces\/#primaryimage"},"thumbnailUrl":"https:\/\/www.legourmet-traiteurdijon.com\/boutique\/wp-content\/uploads\/2021\/11\/Plateau-Gourmet-Noel-2021-1-scaled.jpg","datePublished":"2020-11-30T08:59:41+00:00","dateModified":"2026-04-18T14:16:42+00:00","description":"6 Cr\u00e8mes prises de moule 12 Souffl\u00e9s d'escargots 6 Brochettes Saint-Jacques et chorizo 8 Mini-savarins au foie gras po\u00eal\u00e9","breadcrumb":{"@id":"https:\/\/www.legourmet-traiteurdijon.com\/boutique\/produit\/plateau-aperitif-42-pieces\/#breadcrumb"},"inLanguage":"fr-FR","potentialAction":[{"@type":"ReadAction","target":["https:\/\/www.legourmet-traiteurdijon.com\/boutique\/produit\/plateau-aperitif-42-pieces\/"]}]},{"@type":"ImageObject","inLanguage":"fr-FR","@id":"https:\/\/www.legourmet-traiteurdijon.com\/boutique\/produit\/plateau-aperitif-42-pieces\/#primaryimage","url":"https:\/\/www.legourmet-traiteurdijon.com\/boutique\/wp-content\/uploads\/2021\/11\/Plateau-Gourmet-Noel-2021-1-scaled.jpg","contentUrl":"https:\/\/www.legourmet-traiteurdijon.com\/boutique\/wp-content\/uploads\/2021\/11\/Plateau-Gourmet-Noel-2021-1-scaled.jpg","width":2560,"height":1708},{"@type":"BreadcrumbList","@id":"https:\/\/www.legourmet-traiteurdijon.com\/boutique\/produit\/plateau-aperitif-42-pieces\/#breadcrumb","itemListElement":[{"@type":"ListItem","position":1,"name":"Accueil","item":"https:\/\/www.legourmet-traiteurdijon.com\/boutique\/"},{"@type":"ListItem","position":2,"name":"Achat en ligne","item":"https:\/\/www.legourmet-traiteurdijon.com\/boutique\/boutique\/"},{"@type":"ListItem","position":3,"name":"Plateau du Moment"}]},{"@type":"WebSite","@id":"https:\/\/www.legourmet-traiteurdijon.com\/boutique\/#website","url":"https:\/\/www.legourmet-traiteurdijon.com\/boutique\/","name":"Gourmet Traiteur","description":"TRAITEUR DIJON","potentialAction":[{"@type":"SearchAction","target":{"@type":"EntryPoint","urlTemplate":"https:\/\/www.legourmet-traiteurdijon.com\/boutique\/?s={search_term_string}"},"query-input":"required name=search_term_string"}],"inLanguage":"fr-FR"}]}},"_links":{"self":[{"href":"https:\/\/www.legourmet-traiteurdijon.com\/boutique\/wp-json\/wp\/v2\/product\/1189"}],"collection":[{"href":"https:\/\/www.legourmet-traiteurdijon.com\/boutique\/wp-json\/wp\/v2\/product"}],"about":[{"href":"https:\/\/www.legourmet-traiteurdijon.com\/boutique\/wp-json\/wp\/v2\/types\/product"}],"wp:featuredmedia":[{"embeddable":true,"href":"https:\/\/www.legourmet-traiteurdijon.com\/boutique\/wp-json\/wp\/v2\/media\/2516"}],"wp:attachment":[{"href":"https:\/\/www.legourmet-traiteurdijon.com\/boutique\/wp-json\/wp\/v2\/media?parent=1189"}],"wp:term":[{"taxonomy":"product_cat","embeddable":true,"href":"https:\/\/www.legourmet-traiteurdijon.com\/boutique\/wp-json\/wp\/v2\/product_cat?post=1189"},{"taxonomy":"product_tag","embeddable":true,"href":"https:\/\/www.legourmet-traiteurdijon.com\/boutique\/wp-json\/wp\/v2\/product_tag?post=1189"}],"curies":[{"name":"wp","href":"https:\/\/api.w.org\/{rel}","templated":true}]}}