{"id":1764,"date":"2021-02-02T09:03:19","date_gmt":"2021-02-02T08:03:19","guid":{"rendered":"https:\/\/www.legourmet-traiteurdijon.com\/boutique\/?post_type=product&#038;p=1764"},"modified":"2026-03-15T18:01:38","modified_gmt":"2026-03-15T17:01:38","slug":"biscuit-noisettes-caramel-au-beurre-sale-et-mousseline-praline-maison","status":"publish","type":"product","link":"https:\/\/www.legourmet-traiteurdijon.com\/boutique\/produit\/biscuit-noisettes-caramel-au-beurre-sale-et-mousseline-praline-maison\/","title":{"rendered":"Entremets Pralin\u00e9 caramel"},"content":{"rendered":"","protected":false},"excerpt":{"rendered":"<p>Biscuit noisettes, caramel au beurre sal\u00e9 et mousseline pralin\u00e9 maison<\/p>\n","protected":false},"featured_media":1765,"template":"","meta":{"_monsterinsights_skip_tracking":false,"_monsterinsights_sitenote_active":false,"_monsterinsights_sitenote_note":"","_monsterinsights_sitenote_category":0},"product_cat":[26],"product_tag":[],"yoast_head":"<!-- This site is optimized with the Yoast SEO plugin v22.8 - https:\/\/yoast.com\/wordpress\/plugins\/seo\/ -->\n<title>Entremets Pralin\u00e9 caramel - Gourmet Traiteur<\/title>\n<meta name=\"description\" content=\"Biscuit noisettes, caramel au beurre sal\u00e9 et mousseline pralin\u00e9 maison\" \/>\n<meta name=\"robots\" content=\"index, follow, max-snippet:-1, max-image-preview:large, max-video-preview:-1\" \/>\n<link rel=\"canonical\" href=\"https:\/\/www.legourmet-traiteurdijon.com\/boutique\/produit\/biscuit-noisettes-caramel-au-beurre-sale-et-mousseline-praline-maison\/\" \/>\n<meta property=\"og:locale\" content=\"fr_FR\" \/>\n<meta property=\"og:type\" content=\"article\" \/>\n<meta property=\"og:title\" content=\"Entremets Pralin\u00e9 caramel - Gourmet Traiteur\" \/>\n<meta property=\"og:description\" content=\"Biscuit noisettes, caramel au beurre sal\u00e9 et mousseline pralin\u00e9 maison\" \/>\n<meta property=\"og:url\" content=\"https:\/\/www.legourmet-traiteurdijon.com\/boutique\/produit\/biscuit-noisettes-caramel-au-beurre-sale-et-mousseline-praline-maison\/\" \/>\n<meta property=\"og:site_name\" content=\"Gourmet Traiteur\" \/>\n<meta property=\"article:modified_time\" content=\"2026-03-15T17:01:38+00:00\" \/>\n<meta property=\"og:image\" content=\"https:\/\/www.legourmet-traiteurdijon.com\/boutique\/wp-content\/uploads\/2021\/02\/BAT-8-830x758.png\" \/>\n\t<meta property=\"og:image:width\" content=\"830\" \/>\n\t<meta property=\"og:image:height\" content=\"758\" \/>\n\t<meta property=\"og:image:type\" content=\"image\/png\" \/>\n<meta name=\"twitter:card\" content=\"summary_large_image\" \/>\n<meta name=\"twitter:label1\" content=\"Dur\u00e9e de lecture estim\u00e9e\" \/>\n\t<meta name=\"twitter:data1\" content=\"1 minute\" \/>\n<script type=\"application\/ld+json\" class=\"yoast-schema-graph\">{\"@context\":\"https:\/\/schema.org\",\"@graph\":[{\"@type\":\"WebPage\",\"@id\":\"https:\/\/www.legourmet-traiteurdijon.com\/boutique\/produit\/biscuit-noisettes-caramel-au-beurre-sale-et-mousseline-praline-maison\/\",\"url\":\"https:\/\/www.legourmet-traiteurdijon.com\/boutique\/produit\/biscuit-noisettes-caramel-au-beurre-sale-et-mousseline-praline-maison\/\",\"name\":\"Entremets Pralin\u00e9 caramel - Gourmet Traiteur\",\"isPartOf\":{\"@id\":\"https:\/\/www.legourmet-traiteurdijon.com\/boutique\/#website\"},\"primaryImageOfPage\":{\"@id\":\"https:\/\/www.legourmet-traiteurdijon.com\/boutique\/produit\/biscuit-noisettes-caramel-au-beurre-sale-et-mousseline-praline-maison\/#primaryimage\"},\"image\":{\"@id\":\"https:\/\/www.legourmet-traiteurdijon.com\/boutique\/produit\/biscuit-noisettes-caramel-au-beurre-sale-et-mousseline-praline-maison\/#primaryimage\"},\"thumbnailUrl\":\"https:\/\/www.legourmet-traiteurdijon.com\/boutique\/wp-content\/uploads\/2021\/02\/BAT-8.png\",\"datePublished\":\"2021-02-02T08:03:19+00:00\",\"dateModified\":\"2026-03-15T17:01:38+00:00\",\"description\":\"Biscuit noisettes, caramel au beurre sal\u00e9 et mousseline pralin\u00e9 maison\",\"breadcrumb\":{\"@id\":\"https:\/\/www.legourmet-traiteurdijon.com\/boutique\/produit\/biscuit-noisettes-caramel-au-beurre-sale-et-mousseline-praline-maison\/#breadcrumb\"},\"inLanguage\":\"fr-FR\",\"potentialAction\":[{\"@type\":\"ReadAction\",\"target\":[\"https:\/\/www.legourmet-traiteurdijon.com\/boutique\/produit\/biscuit-noisettes-caramel-au-beurre-sale-et-mousseline-praline-maison\/\"]}]},{\"@type\":\"ImageObject\",\"inLanguage\":\"fr-FR\",\"@id\":\"https:\/\/www.legourmet-traiteurdijon.com\/boutique\/produit\/biscuit-noisettes-caramel-au-beurre-sale-et-mousseline-praline-maison\/#primaryimage\",\"url\":\"https:\/\/www.legourmet-traiteurdijon.com\/boutique\/wp-content\/uploads\/2021\/02\/BAT-8.png\",\"contentUrl\":\"https:\/\/www.legourmet-traiteurdijon.com\/boutique\/wp-content\/uploads\/2021\/02\/BAT-8.png\",\"width\":1208,\"height\":1103,\"caption\":\"\u00e9cureuil\"},{\"@type\":\"BreadcrumbList\",\"@id\":\"https:\/\/www.legourmet-traiteurdijon.com\/boutique\/produit\/biscuit-noisettes-caramel-au-beurre-sale-et-mousseline-praline-maison\/#breadcrumb\",\"itemListElement\":[{\"@type\":\"ListItem\",\"position\":1,\"name\":\"Accueil\",\"item\":\"https:\/\/www.legourmet-traiteurdijon.com\/boutique\/\"},{\"@type\":\"ListItem\",\"position\":2,\"name\":\"Achat en ligne\",\"item\":\"https:\/\/www.legourmet-traiteurdijon.com\/boutique\/boutique\/\"},{\"@type\":\"ListItem\",\"position\":3,\"name\":\"Entremets Pralin\u00e9 caramel\"}]},{\"@type\":\"WebSite\",\"@id\":\"https:\/\/www.legourmet-traiteurdijon.com\/boutique\/#website\",\"url\":\"https:\/\/www.legourmet-traiteurdijon.com\/boutique\/\",\"name\":\"Gourmet Traiteur\",\"description\":\"TRAITEUR DIJON\",\"potentialAction\":[{\"@type\":\"SearchAction\",\"target\":{\"@type\":\"EntryPoint\",\"urlTemplate\":\"https:\/\/www.legourmet-traiteurdijon.com\/boutique\/?s={search_term_string}\"},\"query-input\":\"required name=search_term_string\"}],\"inLanguage\":\"fr-FR\"}]}<\/script>\n<!-- \/ Yoast SEO plugin. -->","yoast_head_json":{"title":"Entremets Pralin\u00e9 caramel - Gourmet Traiteur","description":"Biscuit noisettes, caramel au beurre sal\u00e9 et mousseline pralin\u00e9 maison","robots":{"index":"index","follow":"follow","max-snippet":"max-snippet:-1","max-image-preview":"max-image-preview:large","max-video-preview":"max-video-preview:-1"},"canonical":"https:\/\/www.legourmet-traiteurdijon.com\/boutique\/produit\/biscuit-noisettes-caramel-au-beurre-sale-et-mousseline-praline-maison\/","og_locale":"fr_FR","og_type":"article","og_title":"Entremets Pralin\u00e9 caramel - Gourmet Traiteur","og_description":"Biscuit noisettes, caramel au beurre sal\u00e9 et mousseline pralin\u00e9 maison","og_url":"https:\/\/www.legourmet-traiteurdijon.com\/boutique\/produit\/biscuit-noisettes-caramel-au-beurre-sale-et-mousseline-praline-maison\/","og_site_name":"Gourmet Traiteur","article_modified_time":"2026-03-15T17:01:38+00:00","og_image":[{"width":830,"height":758,"url":"https:\/\/www.legourmet-traiteurdijon.com\/boutique\/wp-content\/uploads\/2021\/02\/BAT-8-830x758.png","type":"image\/png"}],"twitter_card":"summary_large_image","twitter_misc":{"Dur\u00e9e de lecture estim\u00e9e":"1 minute"},"schema":{"@context":"https:\/\/schema.org","@graph":[{"@type":"WebPage","@id":"https:\/\/www.legourmet-traiteurdijon.com\/boutique\/produit\/biscuit-noisettes-caramel-au-beurre-sale-et-mousseline-praline-maison\/","url":"https:\/\/www.legourmet-traiteurdijon.com\/boutique\/produit\/biscuit-noisettes-caramel-au-beurre-sale-et-mousseline-praline-maison\/","name":"Entremets Pralin\u00e9 caramel - Gourmet Traiteur","isPartOf":{"@id":"https:\/\/www.legourmet-traiteurdijon.com\/boutique\/#website"},"primaryImageOfPage":{"@id":"https:\/\/www.legourmet-traiteurdijon.com\/boutique\/produit\/biscuit-noisettes-caramel-au-beurre-sale-et-mousseline-praline-maison\/#primaryimage"},"image":{"@id":"https:\/\/www.legourmet-traiteurdijon.com\/boutique\/produit\/biscuit-noisettes-caramel-au-beurre-sale-et-mousseline-praline-maison\/#primaryimage"},"thumbnailUrl":"https:\/\/www.legourmet-traiteurdijon.com\/boutique\/wp-content\/uploads\/2021\/02\/BAT-8.png","datePublished":"2021-02-02T08:03:19+00:00","dateModified":"2026-03-15T17:01:38+00:00","description":"Biscuit noisettes, caramel au beurre sal\u00e9 et mousseline pralin\u00e9 maison","breadcrumb":{"@id":"https:\/\/www.legourmet-traiteurdijon.com\/boutique\/produit\/biscuit-noisettes-caramel-au-beurre-sale-et-mousseline-praline-maison\/#breadcrumb"},"inLanguage":"fr-FR","potentialAction":[{"@type":"ReadAction","target":["https:\/\/www.legourmet-traiteurdijon.com\/boutique\/produit\/biscuit-noisettes-caramel-au-beurre-sale-et-mousseline-praline-maison\/"]}]},{"@type":"ImageObject","inLanguage":"fr-FR","@id":"https:\/\/www.legourmet-traiteurdijon.com\/boutique\/produit\/biscuit-noisettes-caramel-au-beurre-sale-et-mousseline-praline-maison\/#primaryimage","url":"https:\/\/www.legourmet-traiteurdijon.com\/boutique\/wp-content\/uploads\/2021\/02\/BAT-8.png","contentUrl":"https:\/\/www.legourmet-traiteurdijon.com\/boutique\/wp-content\/uploads\/2021\/02\/BAT-8.png","width":1208,"height":1103,"caption":"\u00e9cureuil"},{"@type":"BreadcrumbList","@id":"https:\/\/www.legourmet-traiteurdijon.com\/boutique\/produit\/biscuit-noisettes-caramel-au-beurre-sale-et-mousseline-praline-maison\/#breadcrumb","itemListElement":[{"@type":"ListItem","position":1,"name":"Accueil","item":"https:\/\/www.legourmet-traiteurdijon.com\/boutique\/"},{"@type":"ListItem","position":2,"name":"Achat en ligne","item":"https:\/\/www.legourmet-traiteurdijon.com\/boutique\/boutique\/"},{"@type":"ListItem","position":3,"name":"Entremets Pralin\u00e9 caramel"}]},{"@type":"WebSite","@id":"https:\/\/www.legourmet-traiteurdijon.com\/boutique\/#website","url":"https:\/\/www.legourmet-traiteurdijon.com\/boutique\/","name":"Gourmet Traiteur","description":"TRAITEUR DIJON","potentialAction":[{"@type":"SearchAction","target":{"@type":"EntryPoint","urlTemplate":"https:\/\/www.legourmet-traiteurdijon.com\/boutique\/?s={search_term_string}"},"query-input":"required name=search_term_string"}],"inLanguage":"fr-FR"}]}},"_links":{"self":[{"href":"https:\/\/www.legourmet-traiteurdijon.com\/boutique\/wp-json\/wp\/v2\/product\/1764"}],"collection":[{"href":"https:\/\/www.legourmet-traiteurdijon.com\/boutique\/wp-json\/wp\/v2\/product"}],"about":[{"href":"https:\/\/www.legourmet-traiteurdijon.com\/boutique\/wp-json\/wp\/v2\/types\/product"}],"wp:featuredmedia":[{"embeddable":true,"href":"https:\/\/www.legourmet-traiteurdijon.com\/boutique\/wp-json\/wp\/v2\/media\/1765"}],"wp:attachment":[{"href":"https:\/\/www.legourmet-traiteurdijon.com\/boutique\/wp-json\/wp\/v2\/media?parent=1764"}],"wp:term":[{"taxonomy":"product_cat","embeddable":true,"href":"https:\/\/www.legourmet-traiteurdijon.com\/boutique\/wp-json\/wp\/v2\/product_cat?post=1764"},{"taxonomy":"product_tag","embeddable":true,"href":"https:\/\/www.legourmet-traiteurdijon.com\/boutique\/wp-json\/wp\/v2\/product_tag?post=1764"}],"curies":[{"name":"wp","href":"https:\/\/api.w.org\/{rel}","templated":true}]}}