{"id":1954,"date":"2021-03-24T20:30:17","date_gmt":"2021-03-24T19:30:17","guid":{"rendered":"https:\/\/www.legourmet-traiteurdijon.com\/boutique\/?post_type=product&#038;p=1954"},"modified":"2026-01-04T10:11:03","modified_gmt":"2026-01-04T09:11:03","slug":"garniture","status":"publish","type":"product","link":"https:\/\/www.legourmet-traiteurdijon.com\/boutique\/produit\/garniture\/","title":{"rendered":"Po\u00eal\u00e9e de l\u00e9gumes"},"content":{"rendered":"","protected":false},"excerpt":{"rendered":"<p>Courgettes, carottes, pommes de terre fondantes et brisures de marrons<\/p>\n","protected":false},"featured_media":316,"template":"","meta":{"_monsterinsights_skip_tracking":false,"_monsterinsights_sitenote_active":false,"_monsterinsights_sitenote_note":"","_monsterinsights_sitenote_category":0},"product_cat":[25],"product_tag":[],"yoast_head":"<!-- This site is optimized with the Yoast SEO plugin v22.8 - https:\/\/yoast.com\/wordpress\/plugins\/seo\/ -->\n<title>Po\u00eal\u00e9e de l\u00e9gumes - Gourmet Traiteur<\/title>\n<meta name=\"description\" content=\"Filet de sandre et sa mousseline, sauce \u00e0 l&#039;Epoisses\" \/>\n<meta name=\"robots\" content=\"index, follow, max-snippet:-1, max-image-preview:large, max-video-preview:-1\" \/>\n<link rel=\"canonical\" href=\"https:\/\/www.legourmet-traiteurdijon.com\/boutique\/produit\/garniture\/\" \/>\n<meta property=\"og:locale\" content=\"fr_FR\" \/>\n<meta property=\"og:type\" content=\"article\" \/>\n<meta property=\"og:title\" content=\"Po\u00eal\u00e9e de l\u00e9gumes - Gourmet Traiteur\" \/>\n<meta property=\"og:description\" content=\"Filet de sandre et sa mousseline, sauce \u00e0 l&#039;Epoisses\" \/>\n<meta property=\"og:url\" content=\"https:\/\/www.legourmet-traiteurdijon.com\/boutique\/produit\/garniture\/\" \/>\n<meta property=\"og:site_name\" content=\"Gourmet Traiteur\" \/>\n<meta property=\"article:modified_time\" content=\"2026-01-04T09:11:03+00:00\" \/>\n<meta property=\"og:image\" content=\"https:\/\/www.legourmet-traiteurdijon.com\/boutique\/wp-content\/uploads\/2020\/11\/Poe\u0302le\u0301e-de-Noe\u0308l-5.jpg\" \/>\n\t<meta property=\"og:image:width\" content=\"1500\" \/>\n\t<meta property=\"og:image:height\" content=\"1500\" \/>\n\t<meta property=\"og:image:type\" content=\"image\/jpeg\" \/>\n<meta name=\"twitter:card\" content=\"summary_large_image\" \/>\n<meta name=\"twitter:label1\" content=\"Dur\u00e9e de lecture estim\u00e9e\" \/>\n\t<meta name=\"twitter:data1\" content=\"1 minute\" \/>\n<script type=\"application\/ld+json\" class=\"yoast-schema-graph\">{\"@context\":\"https:\/\/schema.org\",\"@graph\":[{\"@type\":\"WebPage\",\"@id\":\"https:\/\/www.legourmet-traiteurdijon.com\/boutique\/produit\/garniture\/\",\"url\":\"https:\/\/www.legourmet-traiteurdijon.com\/boutique\/produit\/garniture\/\",\"name\":\"Po\u00eal\u00e9e de l\u00e9gumes - Gourmet Traiteur\",\"isPartOf\":{\"@id\":\"https:\/\/www.legourmet-traiteurdijon.com\/boutique\/#website\"},\"primaryImageOfPage\":{\"@id\":\"https:\/\/www.legourmet-traiteurdijon.com\/boutique\/produit\/garniture\/#primaryimage\"},\"image\":{\"@id\":\"https:\/\/www.legourmet-traiteurdijon.com\/boutique\/produit\/garniture\/#primaryimage\"},\"thumbnailUrl\":\"https:\/\/www.legourmet-traiteurdijon.com\/boutique\/wp-content\/uploads\/2020\/11\/Poe\u0302le\u0301e-de-Noe\u0308l-5.jpg\",\"datePublished\":\"2021-03-24T19:30:17+00:00\",\"dateModified\":\"2026-01-04T09:11:03+00:00\",\"description\":\"Filet de sandre et sa mousseline, sauce \u00e0 l'Epoisses\",\"breadcrumb\":{\"@id\":\"https:\/\/www.legourmet-traiteurdijon.com\/boutique\/produit\/garniture\/#breadcrumb\"},\"inLanguage\":\"fr-FR\",\"potentialAction\":[{\"@type\":\"ReadAction\",\"target\":[\"https:\/\/www.legourmet-traiteurdijon.com\/boutique\/produit\/garniture\/\"]}]},{\"@type\":\"ImageObject\",\"inLanguage\":\"fr-FR\",\"@id\":\"https:\/\/www.legourmet-traiteurdijon.com\/boutique\/produit\/garniture\/#primaryimage\",\"url\":\"https:\/\/www.legourmet-traiteurdijon.com\/boutique\/wp-content\/uploads\/2020\/11\/Poe\u0302le\u0301e-de-Noe\u0308l-5.jpg\",\"contentUrl\":\"https:\/\/www.legourmet-traiteurdijon.com\/boutique\/wp-content\/uploads\/2020\/11\/Poe\u0302le\u0301e-de-Noe\u0308l-5.jpg\",\"width\":1500,\"height\":1500},{\"@type\":\"BreadcrumbList\",\"@id\":\"https:\/\/www.legourmet-traiteurdijon.com\/boutique\/produit\/garniture\/#breadcrumb\",\"itemListElement\":[{\"@type\":\"ListItem\",\"position\":1,\"name\":\"Accueil\",\"item\":\"https:\/\/www.legourmet-traiteurdijon.com\/boutique\/\"},{\"@type\":\"ListItem\",\"position\":2,\"name\":\"Achat en ligne\",\"item\":\"https:\/\/www.legourmet-traiteurdijon.com\/boutique\/boutique\/\"},{\"@type\":\"ListItem\",\"position\":3,\"name\":\"Po\u00eal\u00e9e de l\u00e9gumes\"}]},{\"@type\":\"WebSite\",\"@id\":\"https:\/\/www.legourmet-traiteurdijon.com\/boutique\/#website\",\"url\":\"https:\/\/www.legourmet-traiteurdijon.com\/boutique\/\",\"name\":\"Gourmet Traiteur\",\"description\":\"TRAITEUR DIJON\",\"potentialAction\":[{\"@type\":\"SearchAction\",\"target\":{\"@type\":\"EntryPoint\",\"urlTemplate\":\"https:\/\/www.legourmet-traiteurdijon.com\/boutique\/?s={search_term_string}\"},\"query-input\":\"required name=search_term_string\"}],\"inLanguage\":\"fr-FR\"}]}<\/script>\n<!-- \/ Yoast SEO plugin. -->","yoast_head_json":{"title":"Po\u00eal\u00e9e de l\u00e9gumes - Gourmet Traiteur","description":"Filet de sandre et sa mousseline, sauce \u00e0 l'Epoisses","robots":{"index":"index","follow":"follow","max-snippet":"max-snippet:-1","max-image-preview":"max-image-preview:large","max-video-preview":"max-video-preview:-1"},"canonical":"https:\/\/www.legourmet-traiteurdijon.com\/boutique\/produit\/garniture\/","og_locale":"fr_FR","og_type":"article","og_title":"Po\u00eal\u00e9e de l\u00e9gumes - Gourmet Traiteur","og_description":"Filet de sandre et sa mousseline, sauce \u00e0 l'Epoisses","og_url":"https:\/\/www.legourmet-traiteurdijon.com\/boutique\/produit\/garniture\/","og_site_name":"Gourmet Traiteur","article_modified_time":"2026-01-04T09:11:03+00:00","og_image":[{"width":1500,"height":1500,"url":"https:\/\/www.legourmet-traiteurdijon.com\/boutique\/wp-content\/uploads\/2020\/11\/Poe\u0302le\u0301e-de-Noe\u0308l-5.jpg","type":"image\/jpeg"}],"twitter_card":"summary_large_image","twitter_misc":{"Dur\u00e9e de lecture estim\u00e9e":"1 minute"},"schema":{"@context":"https:\/\/schema.org","@graph":[{"@type":"WebPage","@id":"https:\/\/www.legourmet-traiteurdijon.com\/boutique\/produit\/garniture\/","url":"https:\/\/www.legourmet-traiteurdijon.com\/boutique\/produit\/garniture\/","name":"Po\u00eal\u00e9e de l\u00e9gumes - Gourmet Traiteur","isPartOf":{"@id":"https:\/\/www.legourmet-traiteurdijon.com\/boutique\/#website"},"primaryImageOfPage":{"@id":"https:\/\/www.legourmet-traiteurdijon.com\/boutique\/produit\/garniture\/#primaryimage"},"image":{"@id":"https:\/\/www.legourmet-traiteurdijon.com\/boutique\/produit\/garniture\/#primaryimage"},"thumbnailUrl":"https:\/\/www.legourmet-traiteurdijon.com\/boutique\/wp-content\/uploads\/2020\/11\/Poe\u0302le\u0301e-de-Noe\u0308l-5.jpg","datePublished":"2021-03-24T19:30:17+00:00","dateModified":"2026-01-04T09:11:03+00:00","description":"Filet de sandre et sa mousseline, sauce \u00e0 l'Epoisses","breadcrumb":{"@id":"https:\/\/www.legourmet-traiteurdijon.com\/boutique\/produit\/garniture\/#breadcrumb"},"inLanguage":"fr-FR","potentialAction":[{"@type":"ReadAction","target":["https:\/\/www.legourmet-traiteurdijon.com\/boutique\/produit\/garniture\/"]}]},{"@type":"ImageObject","inLanguage":"fr-FR","@id":"https:\/\/www.legourmet-traiteurdijon.com\/boutique\/produit\/garniture\/#primaryimage","url":"https:\/\/www.legourmet-traiteurdijon.com\/boutique\/wp-content\/uploads\/2020\/11\/Poe\u0302le\u0301e-de-Noe\u0308l-5.jpg","contentUrl":"https:\/\/www.legourmet-traiteurdijon.com\/boutique\/wp-content\/uploads\/2020\/11\/Poe\u0302le\u0301e-de-Noe\u0308l-5.jpg","width":1500,"height":1500},{"@type":"BreadcrumbList","@id":"https:\/\/www.legourmet-traiteurdijon.com\/boutique\/produit\/garniture\/#breadcrumb","itemListElement":[{"@type":"ListItem","position":1,"name":"Accueil","item":"https:\/\/www.legourmet-traiteurdijon.com\/boutique\/"},{"@type":"ListItem","position":2,"name":"Achat en ligne","item":"https:\/\/www.legourmet-traiteurdijon.com\/boutique\/boutique\/"},{"@type":"ListItem","position":3,"name":"Po\u00eal\u00e9e de l\u00e9gumes"}]},{"@type":"WebSite","@id":"https:\/\/www.legourmet-traiteurdijon.com\/boutique\/#website","url":"https:\/\/www.legourmet-traiteurdijon.com\/boutique\/","name":"Gourmet Traiteur","description":"TRAITEUR DIJON","potentialAction":[{"@type":"SearchAction","target":{"@type":"EntryPoint","urlTemplate":"https:\/\/www.legourmet-traiteurdijon.com\/boutique\/?s={search_term_string}"},"query-input":"required name=search_term_string"}],"inLanguage":"fr-FR"}]}},"_links":{"self":[{"href":"https:\/\/www.legourmet-traiteurdijon.com\/boutique\/wp-json\/wp\/v2\/product\/1954"}],"collection":[{"href":"https:\/\/www.legourmet-traiteurdijon.com\/boutique\/wp-json\/wp\/v2\/product"}],"about":[{"href":"https:\/\/www.legourmet-traiteurdijon.com\/boutique\/wp-json\/wp\/v2\/types\/product"}],"wp:featuredmedia":[{"embeddable":true,"href":"https:\/\/www.legourmet-traiteurdijon.com\/boutique\/wp-json\/wp\/v2\/media\/316"}],"wp:attachment":[{"href":"https:\/\/www.legourmet-traiteurdijon.com\/boutique\/wp-json\/wp\/v2\/media?parent=1954"}],"wp:term":[{"taxonomy":"product_cat","embeddable":true,"href":"https:\/\/www.legourmet-traiteurdijon.com\/boutique\/wp-json\/wp\/v2\/product_cat?post=1954"},{"taxonomy":"product_tag","embeddable":true,"href":"https:\/\/www.legourmet-traiteurdijon.com\/boutique\/wp-json\/wp\/v2\/product_tag?post=1954"}],"curies":[{"name":"wp","href":"https:\/\/api.w.org\/{rel}","templated":true}]}}