{"id":32,"date":"2020-11-18T15:20:56","date_gmt":"2020-11-18T14:20:56","guid":{"rendered":"https:\/\/www.legourmet-traiteurdijon.com\/boutique\/?post_type=product&#038;p=32"},"modified":"2026-04-18T16:05:12","modified_gmt":"2026-04-18T14:05:12","slug":"galette-feuillete-veau-canard-au-melange-forestiers-morilles-et-jus-de-truffes","status":"publish","type":"product","link":"https:\/\/www.legourmet-traiteurdijon.com\/boutique\/produit\/galette-feuillete-veau-canard-au-melange-forestiers-morilles-et-jus-de-truffes\/","title":{"rendered":"feuillet\u00e9e veau et canard"},"content":{"rendered":"<p><strong>Entr\u00e9e chaude<\/strong><\/p>\n","protected":false},"excerpt":{"rendered":"<p>P\u00e2te feuillet\u00e9e maison, garniture de veau, de canard et foie gras<\/p>\n","protected":false},"featured_media":222,"template":"","meta":{"_monsterinsights_skip_tracking":false,"_monsterinsights_sitenote_active":false,"_monsterinsights_sitenote_note":"","_monsterinsights_sitenote_category":0},"product_cat":[61],"product_tag":[],"yoast_head":"<!-- This site is optimized with the Yoast SEO plugin v22.8 - https:\/\/yoast.com\/wordpress\/plugins\/seo\/ -->\n<title>feuillet\u00e9e veau et canard - Gourmet Traiteur<\/title>\n<meta name=\"description\" content=\"Pate feuillet\u00e9e maison, garniture de veau et canard au m\u00e9lange forestiers, morilles et jus de truffes\" \/>\n<meta name=\"robots\" content=\"index, follow, max-snippet:-1, max-image-preview:large, max-video-preview:-1\" \/>\n<link rel=\"canonical\" href=\"https:\/\/www.legourmet-traiteurdijon.com\/boutique\/produit\/galette-feuillete-veau-canard-au-melange-forestiers-morilles-et-jus-de-truffes\/\" \/>\n<meta property=\"og:locale\" content=\"fr_FR\" \/>\n<meta property=\"og:type\" content=\"article\" \/>\n<meta property=\"og:title\" content=\"feuillet\u00e9e veau et canard - Gourmet Traiteur\" \/>\n<meta property=\"og:description\" content=\"Pate feuillet\u00e9e maison, garniture de veau et canard au m\u00e9lange forestiers, morilles et jus de truffes\" \/>\n<meta property=\"og:url\" content=\"https:\/\/www.legourmet-traiteurdijon.com\/boutique\/produit\/galette-feuillete-veau-canard-au-melange-forestiers-morilles-et-jus-de-truffes\/\" \/>\n<meta property=\"og:site_name\" content=\"Gourmet Traiteur\" \/>\n<meta property=\"article:modified_time\" content=\"2026-04-18T14:05:12+00:00\" \/>\n<meta property=\"og:image\" content=\"https:\/\/www.legourmet-traiteurdijon.com\/boutique\/wp-content\/uploads\/2020\/11\/Galette-feuillete\u0301e-veau-et-canard-4.jpg\" \/>\n\t<meta property=\"og:image:width\" content=\"1500\" \/>\n\t<meta property=\"og:image:height\" content=\"1500\" \/>\n\t<meta property=\"og:image:type\" content=\"image\/jpeg\" \/>\n<meta name=\"twitter:card\" content=\"summary_large_image\" \/>\n<meta name=\"twitter:label1\" content=\"Dur\u00e9e de lecture estim\u00e9e\" \/>\n\t<meta name=\"twitter:data1\" content=\"1 minute\" \/>\n<script type=\"application\/ld+json\" class=\"yoast-schema-graph\">{\"@context\":\"https:\/\/schema.org\",\"@graph\":[{\"@type\":\"WebPage\",\"@id\":\"https:\/\/www.legourmet-traiteurdijon.com\/boutique\/produit\/galette-feuillete-veau-canard-au-melange-forestiers-morilles-et-jus-de-truffes\/\",\"url\":\"https:\/\/www.legourmet-traiteurdijon.com\/boutique\/produit\/galette-feuillete-veau-canard-au-melange-forestiers-morilles-et-jus-de-truffes\/\",\"name\":\"feuillet\u00e9e veau et canard - Gourmet Traiteur\",\"isPartOf\":{\"@id\":\"https:\/\/www.legourmet-traiteurdijon.com\/boutique\/#website\"},\"primaryImageOfPage\":{\"@id\":\"https:\/\/www.legourmet-traiteurdijon.com\/boutique\/produit\/galette-feuillete-veau-canard-au-melange-forestiers-morilles-et-jus-de-truffes\/#primaryimage\"},\"image\":{\"@id\":\"https:\/\/www.legourmet-traiteurdijon.com\/boutique\/produit\/galette-feuillete-veau-canard-au-melange-forestiers-morilles-et-jus-de-truffes\/#primaryimage\"},\"thumbnailUrl\":\"https:\/\/www.legourmet-traiteurdijon.com\/boutique\/wp-content\/uploads\/2020\/11\/Galette-feuillete\u0301e-veau-et-canard-4.jpg\",\"datePublished\":\"2020-11-18T14:20:56+00:00\",\"dateModified\":\"2026-04-18T14:05:12+00:00\",\"description\":\"Pate feuillet\u00e9e maison, garniture de veau et canard au m\u00e9lange forestiers, morilles et jus de truffes\",\"breadcrumb\":{\"@id\":\"https:\/\/www.legourmet-traiteurdijon.com\/boutique\/produit\/galette-feuillete-veau-canard-au-melange-forestiers-morilles-et-jus-de-truffes\/#breadcrumb\"},\"inLanguage\":\"fr-FR\",\"potentialAction\":[{\"@type\":\"ReadAction\",\"target\":[\"https:\/\/www.legourmet-traiteurdijon.com\/boutique\/produit\/galette-feuillete-veau-canard-au-melange-forestiers-morilles-et-jus-de-truffes\/\"]}]},{\"@type\":\"ImageObject\",\"inLanguage\":\"fr-FR\",\"@id\":\"https:\/\/www.legourmet-traiteurdijon.com\/boutique\/produit\/galette-feuillete-veau-canard-au-melange-forestiers-morilles-et-jus-de-truffes\/#primaryimage\",\"url\":\"https:\/\/www.legourmet-traiteurdijon.com\/boutique\/wp-content\/uploads\/2020\/11\/Galette-feuillete\u0301e-veau-et-canard-4.jpg\",\"contentUrl\":\"https:\/\/www.legourmet-traiteurdijon.com\/boutique\/wp-content\/uploads\/2020\/11\/Galette-feuillete\u0301e-veau-et-canard-4.jpg\",\"width\":1500,\"height\":1500},{\"@type\":\"BreadcrumbList\",\"@id\":\"https:\/\/www.legourmet-traiteurdijon.com\/boutique\/produit\/galette-feuillete-veau-canard-au-melange-forestiers-morilles-et-jus-de-truffes\/#breadcrumb\",\"itemListElement\":[{\"@type\":\"ListItem\",\"position\":1,\"name\":\"Accueil\",\"item\":\"https:\/\/www.legourmet-traiteurdijon.com\/boutique\/\"},{\"@type\":\"ListItem\",\"position\":2,\"name\":\"Achat en ligne\",\"item\":\"https:\/\/www.legourmet-traiteurdijon.com\/boutique\/boutique\/\"},{\"@type\":\"ListItem\",\"position\":3,\"name\":\"feuillet\u00e9e veau et canard\"}]},{\"@type\":\"WebSite\",\"@id\":\"https:\/\/www.legourmet-traiteurdijon.com\/boutique\/#website\",\"url\":\"https:\/\/www.legourmet-traiteurdijon.com\/boutique\/\",\"name\":\"Gourmet Traiteur\",\"description\":\"TRAITEUR DIJON\",\"potentialAction\":[{\"@type\":\"SearchAction\",\"target\":{\"@type\":\"EntryPoint\",\"urlTemplate\":\"https:\/\/www.legourmet-traiteurdijon.com\/boutique\/?s={search_term_string}\"},\"query-input\":\"required name=search_term_string\"}],\"inLanguage\":\"fr-FR\"}]}<\/script>\n<!-- \/ Yoast SEO plugin. -->","yoast_head_json":{"title":"feuillet\u00e9e veau et canard - Gourmet Traiteur","description":"Pate feuillet\u00e9e maison, garniture de veau et canard au m\u00e9lange forestiers, morilles et jus de truffes","robots":{"index":"index","follow":"follow","max-snippet":"max-snippet:-1","max-image-preview":"max-image-preview:large","max-video-preview":"max-video-preview:-1"},"canonical":"https:\/\/www.legourmet-traiteurdijon.com\/boutique\/produit\/galette-feuillete-veau-canard-au-melange-forestiers-morilles-et-jus-de-truffes\/","og_locale":"fr_FR","og_type":"article","og_title":"feuillet\u00e9e veau et canard - Gourmet Traiteur","og_description":"Pate feuillet\u00e9e maison, garniture de veau et canard au m\u00e9lange forestiers, morilles et jus de truffes","og_url":"https:\/\/www.legourmet-traiteurdijon.com\/boutique\/produit\/galette-feuillete-veau-canard-au-melange-forestiers-morilles-et-jus-de-truffes\/","og_site_name":"Gourmet Traiteur","article_modified_time":"2026-04-18T14:05:12+00:00","og_image":[{"width":1500,"height":1500,"url":"https:\/\/www.legourmet-traiteurdijon.com\/boutique\/wp-content\/uploads\/2020\/11\/Galette-feuillete\u0301e-veau-et-canard-4.jpg","type":"image\/jpeg"}],"twitter_card":"summary_large_image","twitter_misc":{"Dur\u00e9e de lecture estim\u00e9e":"1 minute"},"schema":{"@context":"https:\/\/schema.org","@graph":[{"@type":"WebPage","@id":"https:\/\/www.legourmet-traiteurdijon.com\/boutique\/produit\/galette-feuillete-veau-canard-au-melange-forestiers-morilles-et-jus-de-truffes\/","url":"https:\/\/www.legourmet-traiteurdijon.com\/boutique\/produit\/galette-feuillete-veau-canard-au-melange-forestiers-morilles-et-jus-de-truffes\/","name":"feuillet\u00e9e veau et canard - Gourmet Traiteur","isPartOf":{"@id":"https:\/\/www.legourmet-traiteurdijon.com\/boutique\/#website"},"primaryImageOfPage":{"@id":"https:\/\/www.legourmet-traiteurdijon.com\/boutique\/produit\/galette-feuillete-veau-canard-au-melange-forestiers-morilles-et-jus-de-truffes\/#primaryimage"},"image":{"@id":"https:\/\/www.legourmet-traiteurdijon.com\/boutique\/produit\/galette-feuillete-veau-canard-au-melange-forestiers-morilles-et-jus-de-truffes\/#primaryimage"},"thumbnailUrl":"https:\/\/www.legourmet-traiteurdijon.com\/boutique\/wp-content\/uploads\/2020\/11\/Galette-feuillete\u0301e-veau-et-canard-4.jpg","datePublished":"2020-11-18T14:20:56+00:00","dateModified":"2026-04-18T14:05:12+00:00","description":"Pate feuillet\u00e9e maison, garniture de veau et canard au m\u00e9lange forestiers, morilles et jus de truffes","breadcrumb":{"@id":"https:\/\/www.legourmet-traiteurdijon.com\/boutique\/produit\/galette-feuillete-veau-canard-au-melange-forestiers-morilles-et-jus-de-truffes\/#breadcrumb"},"inLanguage":"fr-FR","potentialAction":[{"@type":"ReadAction","target":["https:\/\/www.legourmet-traiteurdijon.com\/boutique\/produit\/galette-feuillete-veau-canard-au-melange-forestiers-morilles-et-jus-de-truffes\/"]}]},{"@type":"ImageObject","inLanguage":"fr-FR","@id":"https:\/\/www.legourmet-traiteurdijon.com\/boutique\/produit\/galette-feuillete-veau-canard-au-melange-forestiers-morilles-et-jus-de-truffes\/#primaryimage","url":"https:\/\/www.legourmet-traiteurdijon.com\/boutique\/wp-content\/uploads\/2020\/11\/Galette-feuillete\u0301e-veau-et-canard-4.jpg","contentUrl":"https:\/\/www.legourmet-traiteurdijon.com\/boutique\/wp-content\/uploads\/2020\/11\/Galette-feuillete\u0301e-veau-et-canard-4.jpg","width":1500,"height":1500},{"@type":"BreadcrumbList","@id":"https:\/\/www.legourmet-traiteurdijon.com\/boutique\/produit\/galette-feuillete-veau-canard-au-melange-forestiers-morilles-et-jus-de-truffes\/#breadcrumb","itemListElement":[{"@type":"ListItem","position":1,"name":"Accueil","item":"https:\/\/www.legourmet-traiteurdijon.com\/boutique\/"},{"@type":"ListItem","position":2,"name":"Achat en ligne","item":"https:\/\/www.legourmet-traiteurdijon.com\/boutique\/boutique\/"},{"@type":"ListItem","position":3,"name":"feuillet\u00e9e veau et canard"}]},{"@type":"WebSite","@id":"https:\/\/www.legourmet-traiteurdijon.com\/boutique\/#website","url":"https:\/\/www.legourmet-traiteurdijon.com\/boutique\/","name":"Gourmet Traiteur","description":"TRAITEUR DIJON","potentialAction":[{"@type":"SearchAction","target":{"@type":"EntryPoint","urlTemplate":"https:\/\/www.legourmet-traiteurdijon.com\/boutique\/?s={search_term_string}"},"query-input":"required name=search_term_string"}],"inLanguage":"fr-FR"}]}},"_links":{"self":[{"href":"https:\/\/www.legourmet-traiteurdijon.com\/boutique\/wp-json\/wp\/v2\/product\/32"}],"collection":[{"href":"https:\/\/www.legourmet-traiteurdijon.com\/boutique\/wp-json\/wp\/v2\/product"}],"about":[{"href":"https:\/\/www.legourmet-traiteurdijon.com\/boutique\/wp-json\/wp\/v2\/types\/product"}],"wp:featuredmedia":[{"embeddable":true,"href":"https:\/\/www.legourmet-traiteurdijon.com\/boutique\/wp-json\/wp\/v2\/media\/222"}],"wp:attachment":[{"href":"https:\/\/www.legourmet-traiteurdijon.com\/boutique\/wp-json\/wp\/v2\/media?parent=32"}],"wp:term":[{"taxonomy":"product_cat","embeddable":true,"href":"https:\/\/www.legourmet-traiteurdijon.com\/boutique\/wp-json\/wp\/v2\/product_cat?post=32"},{"taxonomy":"product_tag","embeddable":true,"href":"https:\/\/www.legourmet-traiteurdijon.com\/boutique\/wp-json\/wp\/v2\/product_tag?post=32"}],"curies":[{"name":"wp","href":"https:\/\/api.w.org\/{rel}","templated":true}]}}