{"id":355,"date":"2020-11-18T17:24:24","date_gmt":"2020-11-18T16:24:24","guid":{"rendered":"https:\/\/www.legourmet-traiteurdijon.com\/boutique\/?post_type=product&#038;p=355"},"modified":"2026-03-15T17:54:05","modified_gmt":"2026-03-15T16:54:05","slug":"jambon-en-croute","status":"publish","type":"product","link":"https:\/\/www.legourmet-traiteurdijon.com\/boutique\/produit\/jambon-en-croute\/","title":{"rendered":"Jambon en cro\u00fbte\ud83d\udc23"},"content":{"rendered":"","protected":false},"excerpt":{"rendered":"<p>Jambon Label Rouge cuit \u00e0 l&#8217;aligot\u00e9, romarin, d\u00e9coup\u00e9 en tranches et habill\u00e9 de p\u00e2te feuillet\u00e9e maison au beurre AOP<\/p>\n","protected":false},"featured_media":232,"template":"","meta":{"_monsterinsights_skip_tracking":false,"_monsterinsights_sitenote_active":false,"_monsterinsights_sitenote_note":"","_monsterinsights_sitenote_category":0},"product_cat":[62],"product_tag":[],"yoast_head":"<!-- This site is optimized with the Yoast SEO plugin v22.8 - https:\/\/yoast.com\/wordpress\/plugins\/seo\/ -->\n<title>Jambon en cro\u00fbte\ud83d\udc23 - Gourmet Traiteur<\/title>\n<meta name=\"description\" content=\"P\u00e2te feuillet\u00e9 maison, Jambon cuit &quot;\u00e0 l&#039;os&quot; au bouillon de l\u00e9gume, servit en tranches, sauce au vin Jaune de pupillin\" \/>\n<meta name=\"robots\" content=\"index, follow, max-snippet:-1, max-image-preview:large, max-video-preview:-1\" \/>\n<link rel=\"canonical\" href=\"https:\/\/www.legourmet-traiteurdijon.com\/boutique\/produit\/jambon-en-croute\/\" \/>\n<meta property=\"og:locale\" content=\"fr_FR\" \/>\n<meta property=\"og:type\" content=\"article\" \/>\n<meta property=\"og:title\" content=\"Jambon en cro\u00fbte\ud83d\udc23 - Gourmet Traiteur\" \/>\n<meta property=\"og:description\" content=\"P\u00e2te feuillet\u00e9 maison, Jambon cuit &quot;\u00e0 l&#039;os&quot; au bouillon de l\u00e9gume, servit en tranches, sauce au vin Jaune de pupillin\" \/>\n<meta property=\"og:url\" content=\"https:\/\/www.legourmet-traiteurdijon.com\/boutique\/produit\/jambon-en-croute\/\" \/>\n<meta property=\"og:site_name\" content=\"Gourmet Traiteur\" \/>\n<meta property=\"article:modified_time\" content=\"2026-03-15T16:54:05+00:00\" \/>\n<meta property=\"og:image\" content=\"https:\/\/www.legourmet-traiteurdijon.com\/boutique\/wp-content\/uploads\/2020\/11\/Jambon-en-crou\u0302te-de-fe\u0302te-1.jpg\" \/>\n\t<meta property=\"og:image:width\" content=\"1500\" \/>\n\t<meta property=\"og:image:height\" content=\"1500\" \/>\n\t<meta property=\"og:image:type\" content=\"image\/jpeg\" \/>\n<meta name=\"twitter:card\" content=\"summary_large_image\" \/>\n<meta name=\"twitter:label1\" content=\"Dur\u00e9e de lecture estim\u00e9e\" \/>\n\t<meta name=\"twitter:data1\" content=\"1 minute\" \/>\n<script type=\"application\/ld+json\" class=\"yoast-schema-graph\">{\"@context\":\"https:\/\/schema.org\",\"@graph\":[{\"@type\":\"WebPage\",\"@id\":\"https:\/\/www.legourmet-traiteurdijon.com\/boutique\/produit\/jambon-en-croute\/\",\"url\":\"https:\/\/www.legourmet-traiteurdijon.com\/boutique\/produit\/jambon-en-croute\/\",\"name\":\"Jambon en cro\u00fbte\ud83d\udc23 - Gourmet Traiteur\",\"isPartOf\":{\"@id\":\"https:\/\/www.legourmet-traiteurdijon.com\/boutique\/#website\"},\"primaryImageOfPage\":{\"@id\":\"https:\/\/www.legourmet-traiteurdijon.com\/boutique\/produit\/jambon-en-croute\/#primaryimage\"},\"image\":{\"@id\":\"https:\/\/www.legourmet-traiteurdijon.com\/boutique\/produit\/jambon-en-croute\/#primaryimage\"},\"thumbnailUrl\":\"https:\/\/www.legourmet-traiteurdijon.com\/boutique\/wp-content\/uploads\/2020\/11\/Jambon-en-crou\u0302te-de-fe\u0302te-1.jpg\",\"datePublished\":\"2020-11-18T16:24:24+00:00\",\"dateModified\":\"2026-03-15T16:54:05+00:00\",\"description\":\"P\u00e2te feuillet\u00e9 maison, Jambon cuit \\\"\u00e0 l'os\\\" au bouillon de l\u00e9gume, servit en tranches, sauce au vin Jaune de pupillin\",\"breadcrumb\":{\"@id\":\"https:\/\/www.legourmet-traiteurdijon.com\/boutique\/produit\/jambon-en-croute\/#breadcrumb\"},\"inLanguage\":\"fr-FR\",\"potentialAction\":[{\"@type\":\"ReadAction\",\"target\":[\"https:\/\/www.legourmet-traiteurdijon.com\/boutique\/produit\/jambon-en-croute\/\"]}]},{\"@type\":\"ImageObject\",\"inLanguage\":\"fr-FR\",\"@id\":\"https:\/\/www.legourmet-traiteurdijon.com\/boutique\/produit\/jambon-en-croute\/#primaryimage\",\"url\":\"https:\/\/www.legourmet-traiteurdijon.com\/boutique\/wp-content\/uploads\/2020\/11\/Jambon-en-crou\u0302te-de-fe\u0302te-1.jpg\",\"contentUrl\":\"https:\/\/www.legourmet-traiteurdijon.com\/boutique\/wp-content\/uploads\/2020\/11\/Jambon-en-crou\u0302te-de-fe\u0302te-1.jpg\",\"width\":1500,\"height\":1500},{\"@type\":\"BreadcrumbList\",\"@id\":\"https:\/\/www.legourmet-traiteurdijon.com\/boutique\/produit\/jambon-en-croute\/#breadcrumb\",\"itemListElement\":[{\"@type\":\"ListItem\",\"position\":1,\"name\":\"Accueil\",\"item\":\"https:\/\/www.legourmet-traiteurdijon.com\/boutique\/\"},{\"@type\":\"ListItem\",\"position\":2,\"name\":\"Achat en ligne\",\"item\":\"https:\/\/www.legourmet-traiteurdijon.com\/boutique\/boutique\/\"},{\"@type\":\"ListItem\",\"position\":3,\"name\":\"Jambon en cro\u00fbte\ud83d\udc23\"}]},{\"@type\":\"WebSite\",\"@id\":\"https:\/\/www.legourmet-traiteurdijon.com\/boutique\/#website\",\"url\":\"https:\/\/www.legourmet-traiteurdijon.com\/boutique\/\",\"name\":\"Gourmet Traiteur\",\"description\":\"TRAITEUR DIJON\",\"potentialAction\":[{\"@type\":\"SearchAction\",\"target\":{\"@type\":\"EntryPoint\",\"urlTemplate\":\"https:\/\/www.legourmet-traiteurdijon.com\/boutique\/?s={search_term_string}\"},\"query-input\":\"required name=search_term_string\"}],\"inLanguage\":\"fr-FR\"}]}<\/script>\n<!-- \/ Yoast SEO plugin. -->","yoast_head_json":{"title":"Jambon en cro\u00fbte\ud83d\udc23 - Gourmet Traiteur","description":"P\u00e2te feuillet\u00e9 maison, Jambon cuit \"\u00e0 l'os\" au bouillon de l\u00e9gume, servit en tranches, sauce au vin Jaune de pupillin","robots":{"index":"index","follow":"follow","max-snippet":"max-snippet:-1","max-image-preview":"max-image-preview:large","max-video-preview":"max-video-preview:-1"},"canonical":"https:\/\/www.legourmet-traiteurdijon.com\/boutique\/produit\/jambon-en-croute\/","og_locale":"fr_FR","og_type":"article","og_title":"Jambon en cro\u00fbte\ud83d\udc23 - Gourmet Traiteur","og_description":"P\u00e2te feuillet\u00e9 maison, Jambon cuit \"\u00e0 l'os\" au bouillon de l\u00e9gume, servit en tranches, sauce au vin Jaune de pupillin","og_url":"https:\/\/www.legourmet-traiteurdijon.com\/boutique\/produit\/jambon-en-croute\/","og_site_name":"Gourmet Traiteur","article_modified_time":"2026-03-15T16:54:05+00:00","og_image":[{"width":1500,"height":1500,"url":"https:\/\/www.legourmet-traiteurdijon.com\/boutique\/wp-content\/uploads\/2020\/11\/Jambon-en-crou\u0302te-de-fe\u0302te-1.jpg","type":"image\/jpeg"}],"twitter_card":"summary_large_image","twitter_misc":{"Dur\u00e9e de lecture estim\u00e9e":"1 minute"},"schema":{"@context":"https:\/\/schema.org","@graph":[{"@type":"WebPage","@id":"https:\/\/www.legourmet-traiteurdijon.com\/boutique\/produit\/jambon-en-croute\/","url":"https:\/\/www.legourmet-traiteurdijon.com\/boutique\/produit\/jambon-en-croute\/","name":"Jambon en cro\u00fbte\ud83d\udc23 - Gourmet Traiteur","isPartOf":{"@id":"https:\/\/www.legourmet-traiteurdijon.com\/boutique\/#website"},"primaryImageOfPage":{"@id":"https:\/\/www.legourmet-traiteurdijon.com\/boutique\/produit\/jambon-en-croute\/#primaryimage"},"image":{"@id":"https:\/\/www.legourmet-traiteurdijon.com\/boutique\/produit\/jambon-en-croute\/#primaryimage"},"thumbnailUrl":"https:\/\/www.legourmet-traiteurdijon.com\/boutique\/wp-content\/uploads\/2020\/11\/Jambon-en-crou\u0302te-de-fe\u0302te-1.jpg","datePublished":"2020-11-18T16:24:24+00:00","dateModified":"2026-03-15T16:54:05+00:00","description":"P\u00e2te feuillet\u00e9 maison, Jambon cuit \"\u00e0 l'os\" au bouillon de l\u00e9gume, servit en tranches, sauce au vin Jaune de pupillin","breadcrumb":{"@id":"https:\/\/www.legourmet-traiteurdijon.com\/boutique\/produit\/jambon-en-croute\/#breadcrumb"},"inLanguage":"fr-FR","potentialAction":[{"@type":"ReadAction","target":["https:\/\/www.legourmet-traiteurdijon.com\/boutique\/produit\/jambon-en-croute\/"]}]},{"@type":"ImageObject","inLanguage":"fr-FR","@id":"https:\/\/www.legourmet-traiteurdijon.com\/boutique\/produit\/jambon-en-croute\/#primaryimage","url":"https:\/\/www.legourmet-traiteurdijon.com\/boutique\/wp-content\/uploads\/2020\/11\/Jambon-en-crou\u0302te-de-fe\u0302te-1.jpg","contentUrl":"https:\/\/www.legourmet-traiteurdijon.com\/boutique\/wp-content\/uploads\/2020\/11\/Jambon-en-crou\u0302te-de-fe\u0302te-1.jpg","width":1500,"height":1500},{"@type":"BreadcrumbList","@id":"https:\/\/www.legourmet-traiteurdijon.com\/boutique\/produit\/jambon-en-croute\/#breadcrumb","itemListElement":[{"@type":"ListItem","position":1,"name":"Accueil","item":"https:\/\/www.legourmet-traiteurdijon.com\/boutique\/"},{"@type":"ListItem","position":2,"name":"Achat en ligne","item":"https:\/\/www.legourmet-traiteurdijon.com\/boutique\/boutique\/"},{"@type":"ListItem","position":3,"name":"Jambon en cro\u00fbte\ud83d\udc23"}]},{"@type":"WebSite","@id":"https:\/\/www.legourmet-traiteurdijon.com\/boutique\/#website","url":"https:\/\/www.legourmet-traiteurdijon.com\/boutique\/","name":"Gourmet Traiteur","description":"TRAITEUR DIJON","potentialAction":[{"@type":"SearchAction","target":{"@type":"EntryPoint","urlTemplate":"https:\/\/www.legourmet-traiteurdijon.com\/boutique\/?s={search_term_string}"},"query-input":"required name=search_term_string"}],"inLanguage":"fr-FR"}]}},"_links":{"self":[{"href":"https:\/\/www.legourmet-traiteurdijon.com\/boutique\/wp-json\/wp\/v2\/product\/355"}],"collection":[{"href":"https:\/\/www.legourmet-traiteurdijon.com\/boutique\/wp-json\/wp\/v2\/product"}],"about":[{"href":"https:\/\/www.legourmet-traiteurdijon.com\/boutique\/wp-json\/wp\/v2\/types\/product"}],"wp:featuredmedia":[{"embeddable":true,"href":"https:\/\/www.legourmet-traiteurdijon.com\/boutique\/wp-json\/wp\/v2\/media\/232"}],"wp:attachment":[{"href":"https:\/\/www.legourmet-traiteurdijon.com\/boutique\/wp-json\/wp\/v2\/media?parent=355"}],"wp:term":[{"taxonomy":"product_cat","embeddable":true,"href":"https:\/\/www.legourmet-traiteurdijon.com\/boutique\/wp-json\/wp\/v2\/product_cat?post=355"},{"taxonomy":"product_tag","embeddable":true,"href":"https:\/\/www.legourmet-traiteurdijon.com\/boutique\/wp-json\/wp\/v2\/product_tag?post=355"}],"curies":[{"name":"wp","href":"https:\/\/api.w.org\/{rel}","templated":true}]}}