{"id":360,"date":"2020-11-18T17:32:37","date_gmt":"2020-11-18T16:32:37","guid":{"rendered":"https:\/\/www.legourmet-traiteurdijon.com\/boutique\/?post_type=product&#038;p=360"},"modified":"2026-01-04T10:36:55","modified_gmt":"2026-01-04T09:36:55","slug":"risotto-aux-morilles-et-comte-de-reserve","status":"publish","type":"product","link":"https:\/\/www.legourmet-traiteurdijon.com\/boutique\/produit\/risotto-aux-morilles-et-comte-de-reserve\/","title":{"rendered":"Risotto aux morilles"},"content":{"rendered":"","protected":false},"excerpt":{"rendered":"<p>Risotto aux morilles et comt\u00e9 de R\u00e9serve &#8220;Charles Arnaud&#8221;, toast\u00e9 sur feuille de brick<br \/>\nPortion individuelle<\/p>\n","protected":false},"featured_media":317,"template":"","meta":{"_monsterinsights_skip_tracking":false,"_monsterinsights_sitenote_active":false,"_monsterinsights_sitenote_note":"","_monsterinsights_sitenote_category":0},"product_cat":[25],"product_tag":[],"yoast_head":"<!-- This site is optimized with the Yoast SEO plugin v22.8 - https:\/\/yoast.com\/wordpress\/plugins\/seo\/ -->\n<title>Risotto aux morilles - Gourmet Traiteur<\/title>\n<meta name=\"description\" content=\"Risotto aux morilles et comt\u00e9 de r\u00e9serve &quot;Charles Arnaud&quot; en portion individuelle, Toast\u00e9 sur feuille de brick\" \/>\n<meta name=\"robots\" content=\"index, follow, max-snippet:-1, max-image-preview:large, max-video-preview:-1\" \/>\n<link rel=\"canonical\" href=\"https:\/\/www.legourmet-traiteurdijon.com\/boutique\/produit\/risotto-aux-morilles-et-comte-de-reserve\/\" \/>\n<meta property=\"og:locale\" content=\"fr_FR\" \/>\n<meta property=\"og:type\" content=\"article\" \/>\n<meta property=\"og:title\" content=\"Risotto aux morilles - Gourmet Traiteur\" \/>\n<meta property=\"og:description\" content=\"Risotto aux morilles et comt\u00e9 de r\u00e9serve &quot;Charles Arnaud&quot; en portion individuelle, Toast\u00e9 sur feuille de brick\" \/>\n<meta property=\"og:url\" content=\"https:\/\/www.legourmet-traiteurdijon.com\/boutique\/produit\/risotto-aux-morilles-et-comte-de-reserve\/\" \/>\n<meta property=\"og:site_name\" content=\"Gourmet Traiteur\" \/>\n<meta property=\"article:modified_time\" content=\"2026-01-04T09:36:55+00:00\" \/>\n<meta property=\"og:image\" content=\"https:\/\/www.legourmet-traiteurdijon.com\/boutique\/wp-content\/uploads\/2020\/11\/Risotto-aux-morilles-et-comte\u0301-de-Re\u0301serve-1.jpg\" \/>\n\t<meta property=\"og:image:width\" content=\"1500\" \/>\n\t<meta property=\"og:image:height\" content=\"1500\" \/>\n\t<meta property=\"og:image:type\" content=\"image\/jpeg\" \/>\n<meta name=\"twitter:card\" content=\"summary_large_image\" \/>\n<script type=\"application\/ld+json\" class=\"yoast-schema-graph\">{\"@context\":\"https:\/\/schema.org\",\"@graph\":[{\"@type\":\"WebPage\",\"@id\":\"https:\/\/www.legourmet-traiteurdijon.com\/boutique\/produit\/risotto-aux-morilles-et-comte-de-reserve\/\",\"url\":\"https:\/\/www.legourmet-traiteurdijon.com\/boutique\/produit\/risotto-aux-morilles-et-comte-de-reserve\/\",\"name\":\"Risotto aux morilles - Gourmet Traiteur\",\"isPartOf\":{\"@id\":\"https:\/\/www.legourmet-traiteurdijon.com\/boutique\/#website\"},\"primaryImageOfPage\":{\"@id\":\"https:\/\/www.legourmet-traiteurdijon.com\/boutique\/produit\/risotto-aux-morilles-et-comte-de-reserve\/#primaryimage\"},\"image\":{\"@id\":\"https:\/\/www.legourmet-traiteurdijon.com\/boutique\/produit\/risotto-aux-morilles-et-comte-de-reserve\/#primaryimage\"},\"thumbnailUrl\":\"https:\/\/www.legourmet-traiteurdijon.com\/boutique\/wp-content\/uploads\/2020\/11\/Risotto-aux-morilles-et-comte\u0301-de-Re\u0301serve-1.jpg\",\"datePublished\":\"2020-11-18T16:32:37+00:00\",\"dateModified\":\"2026-01-04T09:36:55+00:00\",\"description\":\"Risotto aux morilles et comt\u00e9 de r\u00e9serve \\\"Charles Arnaud\\\" en portion individuelle, Toast\u00e9 sur feuille de brick\",\"breadcrumb\":{\"@id\":\"https:\/\/www.legourmet-traiteurdijon.com\/boutique\/produit\/risotto-aux-morilles-et-comte-de-reserve\/#breadcrumb\"},\"inLanguage\":\"fr-FR\",\"potentialAction\":[{\"@type\":\"ReadAction\",\"target\":[\"https:\/\/www.legourmet-traiteurdijon.com\/boutique\/produit\/risotto-aux-morilles-et-comte-de-reserve\/\"]}]},{\"@type\":\"ImageObject\",\"inLanguage\":\"fr-FR\",\"@id\":\"https:\/\/www.legourmet-traiteurdijon.com\/boutique\/produit\/risotto-aux-morilles-et-comte-de-reserve\/#primaryimage\",\"url\":\"https:\/\/www.legourmet-traiteurdijon.com\/boutique\/wp-content\/uploads\/2020\/11\/Risotto-aux-morilles-et-comte\u0301-de-Re\u0301serve-1.jpg\",\"contentUrl\":\"https:\/\/www.legourmet-traiteurdijon.com\/boutique\/wp-content\/uploads\/2020\/11\/Risotto-aux-morilles-et-comte\u0301-de-Re\u0301serve-1.jpg\",\"width\":1500,\"height\":1500},{\"@type\":\"BreadcrumbList\",\"@id\":\"https:\/\/www.legourmet-traiteurdijon.com\/boutique\/produit\/risotto-aux-morilles-et-comte-de-reserve\/#breadcrumb\",\"itemListElement\":[{\"@type\":\"ListItem\",\"position\":1,\"name\":\"Accueil\",\"item\":\"https:\/\/www.legourmet-traiteurdijon.com\/boutique\/\"},{\"@type\":\"ListItem\",\"position\":2,\"name\":\"Achat en ligne\",\"item\":\"https:\/\/www.legourmet-traiteurdijon.com\/boutique\/boutique\/\"},{\"@type\":\"ListItem\",\"position\":3,\"name\":\"Risotto aux morilles\"}]},{\"@type\":\"WebSite\",\"@id\":\"https:\/\/www.legourmet-traiteurdijon.com\/boutique\/#website\",\"url\":\"https:\/\/www.legourmet-traiteurdijon.com\/boutique\/\",\"name\":\"Gourmet Traiteur\",\"description\":\"TRAITEUR DIJON\",\"potentialAction\":[{\"@type\":\"SearchAction\",\"target\":{\"@type\":\"EntryPoint\",\"urlTemplate\":\"https:\/\/www.legourmet-traiteurdijon.com\/boutique\/?s={search_term_string}\"},\"query-input\":\"required name=search_term_string\"}],\"inLanguage\":\"fr-FR\"}]}<\/script>\n<!-- \/ Yoast SEO plugin. -->","yoast_head_json":{"title":"Risotto aux morilles - Gourmet Traiteur","description":"Risotto aux morilles et comt\u00e9 de r\u00e9serve \"Charles Arnaud\" en portion individuelle, Toast\u00e9 sur feuille de brick","robots":{"index":"index","follow":"follow","max-snippet":"max-snippet:-1","max-image-preview":"max-image-preview:large","max-video-preview":"max-video-preview:-1"},"canonical":"https:\/\/www.legourmet-traiteurdijon.com\/boutique\/produit\/risotto-aux-morilles-et-comte-de-reserve\/","og_locale":"fr_FR","og_type":"article","og_title":"Risotto aux morilles - Gourmet Traiteur","og_description":"Risotto aux morilles et comt\u00e9 de r\u00e9serve \"Charles Arnaud\" en portion individuelle, Toast\u00e9 sur feuille de brick","og_url":"https:\/\/www.legourmet-traiteurdijon.com\/boutique\/produit\/risotto-aux-morilles-et-comte-de-reserve\/","og_site_name":"Gourmet Traiteur","article_modified_time":"2026-01-04T09:36:55+00:00","og_image":[{"width":1500,"height":1500,"url":"https:\/\/www.legourmet-traiteurdijon.com\/boutique\/wp-content\/uploads\/2020\/11\/Risotto-aux-morilles-et-comte\u0301-de-Re\u0301serve-1.jpg","type":"image\/jpeg"}],"twitter_card":"summary_large_image","schema":{"@context":"https:\/\/schema.org","@graph":[{"@type":"WebPage","@id":"https:\/\/www.legourmet-traiteurdijon.com\/boutique\/produit\/risotto-aux-morilles-et-comte-de-reserve\/","url":"https:\/\/www.legourmet-traiteurdijon.com\/boutique\/produit\/risotto-aux-morilles-et-comte-de-reserve\/","name":"Risotto aux morilles - Gourmet Traiteur","isPartOf":{"@id":"https:\/\/www.legourmet-traiteurdijon.com\/boutique\/#website"},"primaryImageOfPage":{"@id":"https:\/\/www.legourmet-traiteurdijon.com\/boutique\/produit\/risotto-aux-morilles-et-comte-de-reserve\/#primaryimage"},"image":{"@id":"https:\/\/www.legourmet-traiteurdijon.com\/boutique\/produit\/risotto-aux-morilles-et-comte-de-reserve\/#primaryimage"},"thumbnailUrl":"https:\/\/www.legourmet-traiteurdijon.com\/boutique\/wp-content\/uploads\/2020\/11\/Risotto-aux-morilles-et-comte\u0301-de-Re\u0301serve-1.jpg","datePublished":"2020-11-18T16:32:37+00:00","dateModified":"2026-01-04T09:36:55+00:00","description":"Risotto aux morilles et comt\u00e9 de r\u00e9serve \"Charles Arnaud\" en portion individuelle, Toast\u00e9 sur feuille de brick","breadcrumb":{"@id":"https:\/\/www.legourmet-traiteurdijon.com\/boutique\/produit\/risotto-aux-morilles-et-comte-de-reserve\/#breadcrumb"},"inLanguage":"fr-FR","potentialAction":[{"@type":"ReadAction","target":["https:\/\/www.legourmet-traiteurdijon.com\/boutique\/produit\/risotto-aux-morilles-et-comte-de-reserve\/"]}]},{"@type":"ImageObject","inLanguage":"fr-FR","@id":"https:\/\/www.legourmet-traiteurdijon.com\/boutique\/produit\/risotto-aux-morilles-et-comte-de-reserve\/#primaryimage","url":"https:\/\/www.legourmet-traiteurdijon.com\/boutique\/wp-content\/uploads\/2020\/11\/Risotto-aux-morilles-et-comte\u0301-de-Re\u0301serve-1.jpg","contentUrl":"https:\/\/www.legourmet-traiteurdijon.com\/boutique\/wp-content\/uploads\/2020\/11\/Risotto-aux-morilles-et-comte\u0301-de-Re\u0301serve-1.jpg","width":1500,"height":1500},{"@type":"BreadcrumbList","@id":"https:\/\/www.legourmet-traiteurdijon.com\/boutique\/produit\/risotto-aux-morilles-et-comte-de-reserve\/#breadcrumb","itemListElement":[{"@type":"ListItem","position":1,"name":"Accueil","item":"https:\/\/www.legourmet-traiteurdijon.com\/boutique\/"},{"@type":"ListItem","position":2,"name":"Achat en ligne","item":"https:\/\/www.legourmet-traiteurdijon.com\/boutique\/boutique\/"},{"@type":"ListItem","position":3,"name":"Risotto aux morilles"}]},{"@type":"WebSite","@id":"https:\/\/www.legourmet-traiteurdijon.com\/boutique\/#website","url":"https:\/\/www.legourmet-traiteurdijon.com\/boutique\/","name":"Gourmet Traiteur","description":"TRAITEUR DIJON","potentialAction":[{"@type":"SearchAction","target":{"@type":"EntryPoint","urlTemplate":"https:\/\/www.legourmet-traiteurdijon.com\/boutique\/?s={search_term_string}"},"query-input":"required name=search_term_string"}],"inLanguage":"fr-FR"}]}},"_links":{"self":[{"href":"https:\/\/www.legourmet-traiteurdijon.com\/boutique\/wp-json\/wp\/v2\/product\/360"}],"collection":[{"href":"https:\/\/www.legourmet-traiteurdijon.com\/boutique\/wp-json\/wp\/v2\/product"}],"about":[{"href":"https:\/\/www.legourmet-traiteurdijon.com\/boutique\/wp-json\/wp\/v2\/types\/product"}],"wp:featuredmedia":[{"embeddable":true,"href":"https:\/\/www.legourmet-traiteurdijon.com\/boutique\/wp-json\/wp\/v2\/media\/317"}],"wp:attachment":[{"href":"https:\/\/www.legourmet-traiteurdijon.com\/boutique\/wp-json\/wp\/v2\/media?parent=360"}],"wp:term":[{"taxonomy":"product_cat","embeddable":true,"href":"https:\/\/www.legourmet-traiteurdijon.com\/boutique\/wp-json\/wp\/v2\/product_cat?post=360"},{"taxonomy":"product_tag","embeddable":true,"href":"https:\/\/www.legourmet-traiteurdijon.com\/boutique\/wp-json\/wp\/v2\/product_tag?post=360"}],"curies":[{"name":"wp","href":"https:\/\/api.w.org\/{rel}","templated":true}]}}